{"id":14,"date":"2017-11-06T10:47:35","date_gmt":"2017-11-06T09:47:35","guid":{"rendered":"http:\/\/szkolenia-avsec.pl\/ru\/?page_id=14"},"modified":"2021-05-10T14:17:19","modified_gmt":"2021-05-10T12:17:19","slug":"%d0%ba%d1%83%d1%80%d1%81%d1%8b-spx","status":"publish","type":"page","link":"https:\/\/szkolenia-avsec.pl\/ru\/%d0%ba%d1%83%d1%80%d1%81%d1%8b-spx\/","title":{"rendered":"\u041a\u0423\u0420\u0421\u042b SPX"},"content":{"rendered":"<h3 class=\"subtitle-double-line\">\u041a\u0423\u0420\u0421\u042b SPX<\/h3>\n<p>\u041f\u043e\u0434\u0433\u043e\u0442\u043e\u0432\u043a\u0430 \u0438 \u0442\u0440\u0430\u043d\u0441\u043f\u043e\u0440\u0442\u0438\u0440\u043e\u0432\u043a\u0430 \u0433\u0440\u0443\u0437\u043e\u0432 \u0432\u043e\u0437\u0434\u0443\u0448\u043d\u044b\u043c \u043f\u0443\u0442\u0451\u043c \u0442\u0440\u0435\u0431\u0443\u0435\u0442 \u043e\u0441\u043e\u0431\u043e\u0439 \u0437\u0430\u0449\u0438\u0442\u044b. \u0421 2010 \u0433\u043e\u0434\u0430 \u043f\u043e\u0440\u044f\u0434\u043e\u043a \u043f\u0435\u0440\u0435\u0432\u043e\u0437\u043a\u0438, \u0445\u0440\u0430\u043d\u0435\u043d\u0438\u044f, \u043f\u0440\u0438\u0435\u043c\u0430 \u0438 \u0434\u043e\u0441\u0442\u0430\u0432\u043a\u0438 \u0430\u0432\u0438\u0430\u0433\u0440\u0443\u0437\u043e\u0432 \u043e\u043f\u0440\u0435\u0434\u0435\u043b\u044f\u0435\u0442\u0441\u044f \u043f\u043e\u0441\u0442\u0430\u043d\u043e\u0432\u043b\u0435\u043d\u0438\u0435\u043c \u0415\u0432\u0440\u043e\u043f\u0435\u0439\u0441\u043a\u043e\u0439 \u043a\u043e\u043c\u0438\u0441\u0441\u0438\u0438. \u041f\u043e\u0441\u0442\u0430\u043d\u043e\u0432\u043b\u0435\u043d\u0438\u044e \u043f\u043e\u0434\u0447\u0438\u043d\u044f\u044e\u0442\u0441\u044f \u0432\u0441\u0435 \u0441\u0443\u0431\u044a\u0435\u043a\u0442\u044b, \u043e\u0441\u0443\u0449\u0435\u0441\u0442\u0432\u043b\u044f\u044e\u0449\u0438\u0435 \u0430\u0432\u0438\u0430\u0446\u0438\u043e\u043d\u043d\u0443\u044e \u0434\u0435\u044f\u0442\u0435\u043b\u044c\u043d\u043e\u0441\u0442\u044c, \u0430 \u0437\u0430 \u0431\u0435\u0437\u043e\u043f\u0430\u0441\u043d\u043e\u0441\u0442\u044c \u0438 \u0437\u0430\u0449\u0438\u0442\u0443 \u043e\u0442\u043f\u0440\u0430\u0432\u043b\u044f\u0435\u043c\u044b\u0445 \u0438 \u043f\u0435\u0440\u0435\u0432\u043e\u0437\u0438\u043c\u044b\u0445 \u0433\u0440\u0443\u0437\u043e\u0432 \u043e\u0442\u0432\u0435\u0447\u0430\u044e\u0442 \u0442\u0430\u043a\u0436\u0435 \u0441\u043e\u0442\u0440\u0443\u0434\u043d\u0438\u043a\u0438. \u0418\u043c\u0435\u043d\u043d\u043e \u043f\u043e\u044d\u0442\u043e\u043c\u0443 \u043a\u0430\u0436\u0434\u044b\u0439 \u0447\u0435\u043b\u043e\u0432\u0435\u043a, \u043a\u043e\u0442\u043e\u0440\u044b\u0439 \u0432 \u0441\u0432\u043e\u0435\u0439 \u043f\u043e\u0432\u0441\u0435\u0434\u043d\u0435\u0432\u043d\u043e\u0439 \u0440\u0430\u0431\u043e\u0442\u0435 \u0437\u0430\u043d\u0438\u043c\u0430\u0435\u0442\u0441\u044f \u0434\u0435\u044f\u0442\u0435\u043b\u044c\u043d\u043e\u0441\u0442\u044c\u044e, \u0441\u0432\u044f\u0437\u0430\u043d\u043d\u043e\u0439 \u0441 \u0430\u0432\u0438\u0430\u043f\u0435\u0440\u0435\u0432\u043e\u0437\u043a\u0430\u043c\u0438, \u043e\u0431\u044f\u0437\u0430\u043d \u043d\u0435\u0441\u0442\u0438 \u043f\u043e\u043b\u043d\u0443\u044e \u043e\u0442\u0432\u0435\u0442\u0441\u0442\u0432\u0435\u043d\u043d\u043e\u0441\u0442\u044c \u0437\u0430 \u0441\u043e\u0431\u043b\u044e\u0434\u0435\u043d\u0438\u0435 \u043f\u0440\u0430\u0432\u0438\u043b \u0432\u043e \u0432\u0440\u0435\u043c\u044f \u0432\u044b\u043f\u043e\u043b\u043d\u0435\u043d\u0438\u044f \u0441\u0432\u043e\u0438\u0445 \u043e\u0431\u044f\u0437\u0430\u043d\u043d\u043e\u0441\u0442\u0435\u0439.<br \/>\n\u0426\u0435\u043b\u044c\u044e \u043a\u0443\u0440\u0441\u043e\u0432 SPX \u044f\u0432\u043b\u044f\u0435\u0442\u0441\u044f \u043e\u0431\u0441\u0443\u0436\u0434\u0435\u043d\u0438\u0435 \u043d\u0430\u0446\u0438\u043e\u043d\u0430\u043b\u044c\u043d\u044b\u0445, \u0432\u044b\u0434\u0430\u043d\u043d\u044b\u0445 \u0415\u0421 \u0438 \u043c\u0435\u0436\u0434\u0443\u043d\u0430\u0440\u043e\u0434\u043d\u044b\u0445 \u043f\u0440\u0430\u0432\u043e\u0432\u044b\u0445 \u043d\u043e\u0440\u043c, \u0441\u0432\u044f\u0437\u0430\u043d\u043d\u044b\u0445 \u0441 \u0437\u0430\u0449\u0438\u0442\u043e\u0439 \u0433\u0440\u0430\u0436\u0434\u0430\u043d\u0441\u043a\u043e\u0439 \u0430\u0432\u0438\u0430\u0446\u0438\u0438, \u0430 \u0442\u0430\u043a\u0436\u0435 \u043e\u0437\u043d\u0430\u043a\u043e\u043c\u043b\u0435\u043d\u0438\u0435 \u0443\u0447\u0430\u0441\u0442\u043d\u0438\u043a\u043e\u0432 \u0441 \u043f\u0440\u0438\u043d\u0446\u0438\u043f\u0430\u043c\u0438 \u0440\u0430\u0431\u043e\u0442\u044b \u0441\u0438\u0441\u0442\u0435\u043c\u044b \u0437\u0430\u0449\u0438\u0442\u044b \u0433\u0440\u0430\u0436\u0434\u0430\u043d\u0441\u043a\u043e\u0439 \u0430\u0432\u0438\u0430\u0446\u0438\u0438 \u0432 \u043e\u0442\u043d\u043e\u0448\u0435\u043d\u0438\u0438 \u0430\u043a\u0442\u043e\u0432 \u043d\u0435\u0437\u0430\u043a\u043e\u043d\u043d\u043e\u0433\u043e \u0432\u043c\u0435\u0448\u0430\u0442\u0435\u043b\u044c\u0441\u0442\u0432\u0430, \u043a \u043a\u043e\u0442\u043e\u0440\u044b\u043c \u043e\u0442\u043d\u043e\u0441\u044f\u0442\u0441\u044f, \u043f\u0440\u0435\u0436\u0434\u0435 \u0432\u0441\u0435\u0433\u043e, \u0434\u0435\u0439\u0441\u0442\u0432\u0438\u044f \u0438 \u043c\u0430\u043d\u0438\u043f\u0443\u043b\u044f\u0446\u0438\u0438 \u0442\u0440\u0435\u0442\u044c\u0438\u0445 \u043b\u0438\u0446.<\/p>\n<h3 class=\"subtitle-grey\">\u0414\u041b\u042f \u041a\u041e\u0413\u041e \u041e\u0420\u0413\u0410\u041d\u0418\u0417\u041e\u0412\u0410\u041d\u042b \u041d\u0410\u0428\u0418 \u041a\u0423\u0420\u0421\u042b<\/h3>\n<p>\u0414\u043b\u044f \u0432\u043e\u0434\u0438\u0442\u0435\u043b\u0435\u0439, \u043e\u0442\u0432\u0435\u0447\u0430\u044e\u0449\u0438\u0445 \u0437\u0430 \u043f\u0435\u0440\u0435\u0432\u043e\u0437\u043a\u0443 \u0430\u0432\u0438\u0430\u0433\u0440\u0443\u0437\u043e\u0432.<\/p>\n<h3 class=\"subtitle-grey\">\u041f\u041e\u0414\u0420\u041e\u0411\u041d\u0410\u042f \u0418\u041d\u0424\u041e\u0420\u041c\u0410\u0426\u0418\u042f \u041e\u0411 \u041e\u041d\u041b\u0410\u0419\u041d-\u041e\u0411\u0423\u0427\u0415\u041d\u0418\u0418<\/h3>\n<p>\u041e\u0431\u0443\u0447\u0435\u043d\u0438\u0435 \u0434\u043b\u0438\u0442\u0441\u044f \u043e\u0442 2 \u0434\u043e 3 \u0447\u0430\u0441\u043e\u0432 \u0438 \u043f\u0440\u043e\u0432\u043e\u0434\u0438\u0442\u0441\u044f \u043d\u0430 \u044d\u043b\u0435\u043a\u0442\u0440\u043e\u043d\u043d\u043e\u0439 \u043f\u043b\u0430\u0442\u0444\u043e\u0440\u043c\u0435, \u043a \u043a\u043e\u0442\u043e\u0440\u043e\u0439 \u0443\u0447\u0430\u0441\u0442\u043d\u0438\u043a\u0438 \u043c\u043e\u0433\u0443\u0442 \u043f\u043e\u043b\u0443\u0447\u0438\u0442\u044c \u0434\u043e\u0441\u0442\u0443\u043f \u0432 \u043b\u044e\u0431\u043e\u0435 \u0432\u0440\u0435\u043c\u044f \u0438 \u0432 \u0443\u0434\u043e\u0431\u043d\u043e\u043c \u0434\u043b\u044f \u0441\u0435\u0431\u044f \u043c\u0435\u0441\u0442\u0435. \u0423\u0447\u0430\u0441\u0442\u043d\u0438\u043a\u0438 \u0442\u0440\u0435\u043d\u0438\u043d\u0433\u0430 \u043f\u043e\u043b\u044c\u0437\u0443\u044e\u0442\u0441\u044f \u043d\u0435\u043e\u0433\u0440\u0430\u043d\u0438\u0447\u0435\u043d\u043d\u044b\u043c \u0434\u043e\u0441\u0442\u0443\u043f\u043e\u043c \u043a \u043f\u0440\u0435\u0437\u0435\u043d\u0442\u0430\u0446\u0438\u044f\u043c \u0438 \u0443\u0447\u0435\u0431\u043d\u044b\u043c \u0432\u0438\u0434\u0435\u043e\u0440\u043e\u043b\u0438\u043a\u0430\u043c, \u0431\u043b\u0430\u0433\u043e\u0434\u0430\u0440\u044f \u043a\u043e\u0442\u043e\u0440\u044b\u043c \u043f\u0440\u0435\u043f\u043e\u0434\u0430\u0432\u0430\u0442\u0435\u043b\u0438 \u0434\u0435\u043b\u044f\u0442\u0441\u044f \u0441\u0432\u043e\u0438\u043c\u0438 \u0437\u043d\u0430\u043d\u0438\u044f\u043c\u0438 \u0432 \u043f\u0440\u0438\u0432\u043b\u0435\u043a\u0430\u0442\u0435\u043b\u044c\u043d\u043e\u0439 \u0438 \u043b\u0435\u0433\u043a\u043e \u0443\u0441\u0432\u0430\u0438\u0432\u0430\u0435\u043c\u043e\u0439 \u0444\u043e\u0440\u043c\u0435.<br \/>\n\u041a\u0443\u0440\u0441 \u0437\u0430\u043a\u0430\u043d\u0447\u0438\u0432\u0430\u0435\u0442\u0441\u044f \u044d\u043a\u0437\u0430\u043c\u0435\u043d\u043e\u043c (\u043a\u0430\u0436\u0434\u044b\u0439 \u043e\u0431\u0443\u0447\u0430\u044e\u0449\u0438\u0439\u0441\u044f \u0438\u043c\u0435\u0435\u0442 \u043f\u0440\u0430\u0432\u043e \u043d\u0430 \u0434\u0432\u0435 \u043f\u0440\u043e\u0431\u044b \u0441\u0434\u0430\u0447\u0438 \u044d\u043a\u0437\u0430\u043c\u0435\u043d\u0430, \u043a\u043e\u0442\u043e\u0440\u044b\u0435 \u0432\u0445\u043e\u0434\u044f\u0442 \u0432 \u0441\u0442\u043e\u0438\u043c\u043e\u0441\u0442\u044c \u043a\u0443\u0440\u0441\u0430). \u041f\u043e\u0441\u043b\u0435 \u0441\u0434\u0430\u0447\u0438 \u044d\u043a\u0437\u0430\u043c\u0435\u043d\u0430 \u0443\u0447\u0430\u0441\u0442\u043d\u0438\u043a\u0438 \u043f\u043e\u043b\u0443\u0447\u0430\u044e\u0442 \u0441\u0435\u0440\u0442\u0438\u0444\u0438\u043a\u0430\u0442 \u043c\u0435\u0436\u0434\u0443\u043d\u0430\u0440\u043e\u0434\u043d\u043e\u0433\u043e \u043e\u0431\u0440\u0430\u0437\u0446\u0430 \u0423\u043f\u0440\u0430\u0432\u043b\u0435\u043d\u0438\u044f \u0433\u0440\u0430\u0436\u0434\u0430\u043d\u0441\u043a\u043e\u0439 \u0430\u0432\u0438\u0430\u0446\u0438\u0438 \u0432 \u043e\u0431\u043b\u0430\u0441\u0442\u0438 \u0430\u0432\u0438\u0430\u0446\u0438\u043e\u043d\u043d\u043e\u0439 \u0437\u0430\u0449\u0438\u0442\u044b, \u043a\u043e\u0442\u043e\u0440\u044b\u0439 \u0434\u0435\u0439\u0441\u0442\u0432\u0443\u0435\u0442 \u0432\u043e \u0432\u0441\u0435\u0445 \u0430\u044d\u0440\u043e\u043f\u043e\u0440\u0442\u0430\u0445 \u0415\u0432\u0440\u043e\u043f\u0435\u0439\u0441\u043a\u043e\u0433\u043e \u0441\u043e\u044e\u0437\u0430.<\/p>\n<h3 class=\"subtitle-grey\">\u041f\u041e\u0414\u0420\u041e\u0411\u041d\u0410\u042f \u0418\u041d\u0424\u041e\u0420\u041c\u0410\u0426\u0418\u042f \u041e \u0421\u0422\u0410\u0426\u0418\u041e\u041d\u0410\u0420\u041d\u041e\u041c \u041e\u0411\u0423\u0427\u0415\u041d\u0418\u0418<\/h3>\n<p>\u0421 \u0443\u0434\u043e\u0432\u043e\u043b\u044c\u0441\u0442\u0432\u0438\u0435\u043c \u0441\u043e\u043e\u0431\u0449\u0430\u0435\u043c, \u0447\u0442\u043e, \u043d\u0430\u0447\u0438\u043d\u0430\u044f \u0441 6 \u0438\u044e\u043d\u044f 2018 \u0433\u043e\u0434\u0430, \u043c\u044b \u043e\u0440\u0433\u0430\u043d\u0438\u0437\u0443\u0435\u043c \u0440\u0435\u0433\u0443\u043b\u044f\u0440\u043d\u044b\u0435 \u0441\u0442\u0430\u0446\u0438\u043e\u043d\u0430\u0440\u043d\u044b\u0435 \u043a\u0443\u0440\u0441\u044b \u0434\u043b\u044f \u0432\u043e\u0434\u0438\u0442\u0435\u043b\u0435\u0439, \u043f\u0435\u0440\u0435\u0432\u043e\u0437\u044f\u0449\u0438\u0445 \u0430\u0432\u0438\u0430\u0433\u0440\u0443\u0437\u044b SPX. \u041e\u0431\u0443\u0447\u0435\u043d\u0438\u0435 \u0431\u0443\u0434\u0435\u0442 \u043f\u0440\u043e\u0445\u043e\u0434\u0438\u0442\u044c \u043a\u0430\u0436\u0434\u0443\u044e \u0441\u0440\u0435\u0434\u0443 \u0432 \u0412\u0430\u0440\u0448\u0430\u0432\u0435 \u043d\u0430 \u0443\u043b. \u041b\u043e\u043f\u0443\u0448\u0430\u043d\u0441\u043a\u043e\u0439 53 \u0432 \u043a\u043e\u043d\u0444\u0435\u0440\u0435\u043d\u0446-\u0437\u0430\u043b\u0435 \u2116 22 \u2013<br \/>\n\u0441 11.00 \u0434\u043e 14.00 \u0447\u0430\u0441\u043e\u0432. \u041e\u043d\u043e \u0432\u043a\u043b\u044e\u0447\u0430\u0435\u0442 \u043c\u0430\u0442\u0435\u0440\u0438\u0430\u043b\u044b, \u043a\u0430\u0441\u0430\u044e\u0449\u0438\u0435\u0441\u044f \u0438\u043d\u0444\u043e\u0440\u043c\u0430\u0446\u0438\u0438, \u0438\u0437\u043b\u043e\u0436\u0435\u043d\u043d\u043e\u0439 \u0432 \u043f. 11.2.7 \u0438 11.2.3.9 \u0440\u0430\u0441\u043f\u043e\u0440\u044f\u0436\u0435\u043d\u0438\u044f 2015\/1998.<br \/>\n\u0412 \u0441\u043b\u0443\u0447\u0430\u0435 \u0437\u0430\u044f\u0432\u043a\u0438 \u043d\u0430 \u0443\u0447\u0430\u0441\u0442\u0438\u0435 \u043c\u0438\u043d\u0438\u043c\u0443\u043c 5 \u0447\u0435\u043b\u043e\u0432\u0435\u043a \u0438\u0437 \u043e\u0434\u043d\u043e\u0439 \u043a\u043e\u043c\u043f\u0430\u043d\u0438\u0438 \u043f\u0440\u0435\u0434\u043b\u0430\u0433\u0430\u044e\u0442\u0441\u044f \u043f\u0440\u0438\u0432\u043b\u0435\u043a\u0430\u0442\u0435\u043b\u044c\u043d\u044b\u0435 \u0441\u043a\u0438\u0434\u043a\u0438 (100 \u0437\u043b\u043e\u0442\u044b\u0445\/\u0447\u0435\u043b.).<\/p>\n<h3 class=\"subtitle-grey\">\u041f\u0420\u0415\u0418\u041c\u0423\u0429\u0415\u0421\u0422\u0412\u0410 \u0414\u041b\u042f \u041a\u041e\u041c\u041f\u0410\u041d\u0418\u0419<\/h3>\n<ul>\n<li>\u0412\u044b\u043f\u043e\u043b\u043d\u0435\u043d\u0438\u0435 \u043e\u0431\u044f\u0437\u0430\u043d\u043d\u043e\u0441\u0442\u0435\u0439, \u043f\u0440\u0435\u0434\u0443\u0441\u043c\u043e\u0442\u0440\u0435\u043d\u043d\u044b\u0445 \u043d\u043e\u0440\u043c\u0430\u043c\u0438 \u0435\u0432\u0440\u043e\u043f\u0435\u0439\u0441\u043a\u043e\u0433\u043e \u0437\u0430\u043a\u043e\u043d\u043e\u0434\u0430\u0442\u0435\u043b\u044c\u0441\u0442\u0432\u0430.<\/li>\n<li>\u041f\u043e\u0432\u044b\u0448\u0435\u043d\u0438\u0435 \u043f\u0440\u043e\u0444\u0435\u0441\u0441\u0438\u043e\u043d\u0430\u043b\u044c\u043d\u043e\u0439 \u043a\u0432\u0430\u043b\u0438\u0444\u0438\u043a\u0430\u0446\u0438\u0438 \u0441\u043e\u0442\u0440\u0443\u0434\u043d\u0438\u043a\u043e\u0432.<\/li>\n<li>\u041f\u043e\u0432\u044b\u0448\u0435\u043d\u0438\u0435 \u0443\u0440\u043e\u0432\u043d\u044f \u0431\u0435\u0437\u043e\u043f\u0430\u0441\u043d\u043e\u0441\u0442\u0438 \u0432\u043e\u0434\u0438\u0442\u0435\u043b\u0435\u0439 \u0438 \u043f\u0435\u0440\u0435\u0432\u043e\u0437\u0438\u043c\u044b\u0445 \u0438\u043c\u0438 \u0430\u0432\u0438\u0430\u0433\u0440\u0443\u0437\u043e\u0432.<\/li>\n<li>\u0424\u043e\u0440\u043c\u0438\u0440\u043e\u0432\u0430\u043d\u0438\u0435 \u0438 \u0443\u043a\u0440\u0435\u043f\u043b\u0435\u043d\u0438\u0435 \u043e\u0442\u0432\u0435\u0442\u0441\u0442\u0432\u0435\u043d\u043d\u043e\u0433\u043e \u043e\u0442\u043d\u043e\u0448\u0435\u043d\u0438\u044f \u0441\u0440\u0435\u0434\u0438 \u0441\u043e\u0442\u0440\u0443\u0434\u043d\u0438\u043a\u043e\u0432 \u043a\u043e\u043c\u043f\u0430\u043d\u0438\u0438.<\/li>\n<li>\u0420\u0435\u0430\u043b\u044c\u043d\u043e\u0435 \u0432\u043b\u0438\u044f\u043d\u0438\u0435 \u043d\u0430 \u043f\u043e\u0432\u044b\u0448\u0435\u043d\u0438\u0435 \u0441\u0442\u0430\u043d\u0434\u0430\u0440\u0442\u043e\u0432 \u0437\u0430\u0449\u0438\u0442\u044b \u0433\u0440\u0430\u0436\u0434\u0430\u043d\u0441\u043a\u043e\u0439 \u0430\u0432\u0438\u0430\u0446\u0438\u0438 \u0432 \u0415\u0432\u0440\u043e\u043f\u0435\u0439\u0441\u043a\u043e\u043c \u0441\u043e\u044e\u0437\u0435.<\/li>\n<\/ul>\n","protected":false},"excerpt":{"rendered":"<p>\u041a\u0423\u0420\u0421\u042b SPX \u041f\u043e\u0434\u0433\u043e\u0442\u043e\u0432\u043a\u0430 \u0438 \u0442\u0440\u0430\u043d\u0441\u043f\u043e\u0440\u0442\u0438\u0440\u043e\u0432\u043a\u0430 \u0433\u0440\u0443\u0437\u043e\u0432 \u0432\u043e\u0437\u0434\u0443\u0448\u043d\u044b\u043c \u043f\u0443\u0442\u0451\u043c \u0442\u0440\u0435\u0431\u0443\u0435\u0442 \u043e\u0441\u043e\u0431\u043e\u0439 \u0437\u0430\u0449\u0438\u0442\u044b. \u0421 2010 \u0433\u043e\u0434\u0430 \u043f\u043e\u0440\u044f\u0434\u043e\u043a \u043f\u0435\u0440\u0435\u0432\u043e\u0437\u043a\u0438, \u0445\u0440\u0430\u043d\u0435\u043d\u0438\u044f, \u043f\u0440\u0438\u0435\u043c\u0430 [&hellip;]<\/p>\n","protected":false},"author":1,"featured_media":0,"parent":0,"menu_order":0,"comment_status":"closed","ping_status":"closed","template":"page-sidebar.php","meta":{"_acf_changed":false,"footnotes":""},"class_list":["post-14","page","type-page","status-publish","hentry"],"acf":[],"yoast_head":"<!-- This site is optimized with the Yoast SEO plugin v24.0 - https:\/\/yoast.com\/wordpress\/plugins\/seo\/ -->\n<title>\u041a\u0423\u0420\u0421\u042b SPX - AVSEC RU<\/title>\n<meta name=\"description\" content=\"Zapraszamy na szkolenia SPX stacjonarne oraz szkolenia online dost\u0119pne na naszej platformie e-learningowej. Szkolenie trwa ok. 2-3 godzin. Kursanci korzystaj\u0105 z nieograniczonego wgl\u0105du do prezentacji oraz film\u00f3w szkoleniowych. Zarejestruj si\u0119!\" \/>\n<meta name=\"robots\" content=\"index, follow, max-snippet:-1, max-image-preview:large, max-video-preview:-1\" \/>\n<link rel=\"canonical\" href=\"https:\/\/szkolenia-avsec.pl\/ru\/\u043a\u0443\u0440\u0441\u044b-spx\/\" \/>\n<meta property=\"og:locale\" content=\"pl_PL\" \/>\n<meta property=\"og:type\" content=\"article\" \/>\n<meta property=\"og:title\" content=\"\u041a\u0423\u0420\u0421\u042b SPX - AVSEC RU\" \/>\n<meta property=\"og:description\" content=\"Zapraszamy na szkolenia SPX stacjonarne oraz szkolenia online dost\u0119pne na naszej platformie e-learningowej. Szkolenie trwa ok. 2-3 godzin. Kursanci korzystaj\u0105 z nieograniczonego wgl\u0105du do prezentacji oraz film\u00f3w szkoleniowych. Zarejestruj si\u0119!\" \/>\n<meta property=\"og:url\" content=\"https:\/\/szkolenia-avsec.pl\/ru\/\u043a\u0443\u0440\u0441\u044b-spx\/\" \/>\n<meta property=\"og:site_name\" content=\"AVSEC RU\" \/>\n<meta property=\"article:modified_time\" content=\"2021-05-10T12:17:19+00:00\" \/>\n<meta name=\"twitter:card\" content=\"summary_large_image\" \/>\n<meta name=\"twitter:label1\" content=\"Szacowany czas czytania\" \/>\n\t<meta name=\"twitter:data1\" content=\"2 minuty\" \/>\n<script type=\"application\/ld+json\" class=\"yoast-schema-graph\">{\"@context\":\"https:\/\/schema.org\",\"@graph\":[{\"@type\":\"WebPage\",\"@id\":\"https:\/\/szkolenia-avsec.pl\/ru\/%d0%ba%d1%83%d1%80%d1%81%d1%8b-spx\/\",\"url\":\"https:\/\/szkolenia-avsec.pl\/ru\/%d0%ba%d1%83%d1%80%d1%81%d1%8b-spx\/\",\"name\":\"\u041a\u0423\u0420\u0421\u042b SPX - AVSEC RU\",\"isPartOf\":{\"@id\":\"https:\/\/szkolenia-avsec.pl\/ru\/#website\"},\"datePublished\":\"2017-11-06T09:47:35+00:00\",\"dateModified\":\"2021-05-10T12:17:19+00:00\",\"description\":\"Zapraszamy na szkolenia SPX stacjonarne oraz szkolenia online dost\u0119pne na naszej platformie e-learningowej. Szkolenie trwa ok. 2-3 godzin. Kursanci korzystaj\u0105 z nieograniczonego wgl\u0105du do prezentacji oraz film\u00f3w szkoleniowych. Zarejestruj si\u0119!\",\"breadcrumb\":{\"@id\":\"https:\/\/szkolenia-avsec.pl\/ru\/%d0%ba%d1%83%d1%80%d1%81%d1%8b-spx\/#breadcrumb\"},\"inLanguage\":\"pl-PL\",\"potentialAction\":[{\"@type\":\"ReadAction\",\"target\":[\"https:\/\/szkolenia-avsec.pl\/ru\/%d0%ba%d1%83%d1%80%d1%81%d1%8b-spx\/\"]}]},{\"@type\":\"BreadcrumbList\",\"@id\":\"https:\/\/szkolenia-avsec.pl\/ru\/%d0%ba%d1%83%d1%80%d1%81%d1%8b-spx\/#breadcrumb\",\"itemListElement\":[{\"@type\":\"ListItem\",\"position\":1,\"name\":\"Strona g\u0142\u00f3wna\",\"item\":\"https:\/\/szkolenia-avsec.pl\/ru\/\"},{\"@type\":\"ListItem\",\"position\":2,\"name\":\"\u041a\u0423\u0420\u0421\u042b SPX\"}]},{\"@type\":\"WebSite\",\"@id\":\"https:\/\/szkolenia-avsec.pl\/ru\/#website\",\"url\":\"https:\/\/szkolenia-avsec.pl\/ru\/\",\"name\":\"AVSEC RU\",\"description\":\"Szkolenia online w zakresie ochrony lotnictwa\",\"potentialAction\":[{\"@type\":\"SearchAction\",\"target\":{\"@type\":\"EntryPoint\",\"urlTemplate\":\"https:\/\/szkolenia-avsec.pl\/ru\/?s={search_term_string}\"},\"query-input\":{\"@type\":\"PropertyValueSpecification\",\"valueRequired\":true,\"valueName\":\"search_term_string\"}}],\"inLanguage\":\"pl-PL\"}]}<\/script>\n<!-- \/ Yoast SEO plugin. -->","yoast_head_json":{"title":"\u041a\u0423\u0420\u0421\u042b SPX - AVSEC RU","description":"Zapraszamy na szkolenia SPX stacjonarne oraz szkolenia online dost\u0119pne na naszej platformie e-learningowej. Szkolenie trwa ok. 2-3 godzin. Kursanci korzystaj\u0105 z nieograniczonego wgl\u0105du do prezentacji oraz film\u00f3w szkoleniowych. Zarejestruj si\u0119!","robots":{"index":"index","follow":"follow","max-snippet":"max-snippet:-1","max-image-preview":"max-image-preview:large","max-video-preview":"max-video-preview:-1"},"canonical":"https:\/\/szkolenia-avsec.pl\/ru\/\u043a\u0443\u0440\u0441\u044b-spx\/","og_locale":"pl_PL","og_type":"article","og_title":"\u041a\u0423\u0420\u0421\u042b SPX - AVSEC RU","og_description":"Zapraszamy na szkolenia SPX stacjonarne oraz szkolenia online dost\u0119pne na naszej platformie e-learningowej. Szkolenie trwa ok. 2-3 godzin. Kursanci korzystaj\u0105 z nieograniczonego wgl\u0105du do prezentacji oraz film\u00f3w szkoleniowych. Zarejestruj si\u0119!","og_url":"https:\/\/szkolenia-avsec.pl\/ru\/\u043a\u0443\u0440\u0441\u044b-spx\/","og_site_name":"AVSEC RU","article_modified_time":"2021-05-10T12:17:19+00:00","twitter_card":"summary_large_image","twitter_misc":{"Szacowany czas czytania":"2 minuty"},"schema":{"@context":"https:\/\/schema.org","@graph":[{"@type":"WebPage","@id":"https:\/\/szkolenia-avsec.pl\/ru\/%d0%ba%d1%83%d1%80%d1%81%d1%8b-spx\/","url":"https:\/\/szkolenia-avsec.pl\/ru\/%d0%ba%d1%83%d1%80%d1%81%d1%8b-spx\/","name":"\u041a\u0423\u0420\u0421\u042b SPX - AVSEC RU","isPartOf":{"@id":"https:\/\/szkolenia-avsec.pl\/ru\/#website"},"datePublished":"2017-11-06T09:47:35+00:00","dateModified":"2021-05-10T12:17:19+00:00","description":"Zapraszamy na szkolenia SPX stacjonarne oraz szkolenia online dost\u0119pne na naszej platformie e-learningowej. Szkolenie trwa ok. 2-3 godzin. Kursanci korzystaj\u0105 z nieograniczonego wgl\u0105du do prezentacji oraz film\u00f3w szkoleniowych. Zarejestruj si\u0119!","breadcrumb":{"@id":"https:\/\/szkolenia-avsec.pl\/ru\/%d0%ba%d1%83%d1%80%d1%81%d1%8b-spx\/#breadcrumb"},"inLanguage":"pl-PL","potentialAction":[{"@type":"ReadAction","target":["https:\/\/szkolenia-avsec.pl\/ru\/%d0%ba%d1%83%d1%80%d1%81%d1%8b-spx\/"]}]},{"@type":"BreadcrumbList","@id":"https:\/\/szkolenia-avsec.pl\/ru\/%d0%ba%d1%83%d1%80%d1%81%d1%8b-spx\/#breadcrumb","itemListElement":[{"@type":"ListItem","position":1,"name":"Strona g\u0142\u00f3wna","item":"https:\/\/szkolenia-avsec.pl\/ru\/"},{"@type":"ListItem","position":2,"name":"\u041a\u0423\u0420\u0421\u042b SPX"}]},{"@type":"WebSite","@id":"https:\/\/szkolenia-avsec.pl\/ru\/#website","url":"https:\/\/szkolenia-avsec.pl\/ru\/","name":"AVSEC RU","description":"Szkolenia online w zakresie ochrony lotnictwa","potentialAction":[{"@type":"SearchAction","target":{"@type":"EntryPoint","urlTemplate":"https:\/\/szkolenia-avsec.pl\/ru\/?s={search_term_string}"},"query-input":{"@type":"PropertyValueSpecification","valueRequired":true,"valueName":"search_term_string"}}],"inLanguage":"pl-PL"}]}},"_links":{"self":[{"href":"https:\/\/szkolenia-avsec.pl\/ru\/wp-json\/wp\/v2\/pages\/14","targetHints":{"allow":["GET"]}}],"collection":[{"href":"https:\/\/szkolenia-avsec.pl\/ru\/wp-json\/wp\/v2\/pages"}],"about":[{"href":"https:\/\/szkolenia-avsec.pl\/ru\/wp-json\/wp\/v2\/types\/page"}],"author":[{"embeddable":true,"href":"https:\/\/szkolenia-avsec.pl\/ru\/wp-json\/wp\/v2\/users\/1"}],"replies":[{"embeddable":true,"href":"https:\/\/szkolenia-avsec.pl\/ru\/wp-json\/wp\/v2\/comments?post=14"}],"version-history":[{"count":16,"href":"https:\/\/szkolenia-avsec.pl\/ru\/wp-json\/wp\/v2\/pages\/14\/revisions"}],"predecessor-version":[{"id":454,"href":"https:\/\/szkolenia-avsec.pl\/ru\/wp-json\/wp\/v2\/pages\/14\/revisions\/454"}],"wp:attachment":[{"href":"https:\/\/szkolenia-avsec.pl\/ru\/wp-json\/wp\/v2\/media?parent=14"}],"curies":[{"name":"wp","href":"https:\/\/api.w.org\/{rel}","templated":true}]}}