{"id":64,"date":"2017-11-08T11:24:13","date_gmt":"2017-11-08T10:24:13","guid":{"rendered":"http:\/\/szkolenia-avsec.pl\/de\/?page_id=64"},"modified":"2021-10-11T11:10:55","modified_gmt":"2021-10-11T09:10:55","slug":"uber-das-unternehmen","status":"publish","type":"page","link":"https:\/\/szkolenia-avsec.pl\/de\/uber-das-unternehmen\/","title":{"rendered":"\u00dcber das Unternehmen"},"content":{"rendered":"<h3 class=\"subtitle-double-line\">AVSEC CARGO &#8211; wir heben die Standards der Luftverkehrssicherheit an<\/h3>\n<p>Avsec Cargo wurde als Antwort auf die Bed\u00fcrfnisse von Unternehmen gegr\u00fcndet, die zur Einhaltung der gesetzlichen Vorschriften im Bereich der Sicherheit in der Zivilluftfahrt und des Lufttransports von Gefahrgut verpflichtet sind.<\/p>\n<p>Wir wissen, dass die kontinuierliche Entwicklung des Luftverkehrs moderne und realistische Methoden erfordert, um die Sicherheit zu gew\u00e4hrleisten. Deshalb ist es unsere Mission, die Menschen zu schulen, von denen die Sicherheit des Luftverkehrs abh\u00e4ngt.<\/p>\n<p>Wir bieten <u>Online-Schulungen<\/u> f\u00fcr Fahrer an, die f\u00fcr den Transport von Fracht zwischen Flugh\u00e4fen in der Europ\u00e4ischen Union verantwortlich sind, sowie f\u00fcr Mitarbeiter von Unternehmen, die wirtschaftliche Luftfahrtt\u00e4tigkeit aus\u00fcben.<\/p>\n<p>Alle auf der E-Learning Plattform verf\u00fcgbaren Schulungen enden mit einer Pr\u00fcfung. Das positive Ergebnis der Pr\u00fcfung berechtigt zum Erhalt eines Zertifikats in polnischer, englischer oder deutscher Sprache. Das Zertifikat ist von der polnischen Zivilluftfahrtbeh\u00f6rde anerkannt.<\/p>\n","protected":false},"excerpt":{"rendered":"<p>AVSEC CARGO &#8211; wir heben die Standards der Luftverkehrssicherheit an Avsec Cargo wurde als Antwort auf die Bed\u00fcrfnisse [&hellip;]<\/p>\n","protected":false},"author":1,"featured_media":0,"parent":0,"menu_order":0,"comment_status":"closed","ping_status":"closed","template":"page-o-firmie.php","meta":{"_acf_changed":false,"footnotes":""},"class_list":["post-64","page","type-page","status-publish","hentry"],"acf":[],"yoast_head":"<!-- This site is optimized with the Yoast SEO plugin v24.0 - https:\/\/yoast.com\/wordpress\/plugins\/seo\/ -->\n<title>\u00dcber das Unternehmen - AVSEC DE<\/title>\n<meta name=\"description\" content=\"Avsec Cargo oferuje szkolenia online dla kierowc\u00f3w odpowiadaj\u0105cych za transport \u0142adunk\u00f3w pomi\u0119dzy lotniskami w Unii Europejskiej, a tak\u017ce dla firm prowadz\u0105cych lotnicz\u0105 dzia\u0142alno\u015b\u0107 gospodarcz\u0105. Szkolenia ko\u0144cz\u0105 si\u0119 egzaminem. kt\u00f3ry uprawnia do otrzymania certyfikatu honorowanego przez ULC.\" \/>\n<meta name=\"robots\" content=\"index, follow, max-snippet:-1, max-image-preview:large, max-video-preview:-1\" \/>\n<link rel=\"canonical\" href=\"https:\/\/szkolenia-avsec.pl\/de\/uber-das-unternehmen\/\" \/>\n<meta property=\"og:locale\" content=\"de_DE\" \/>\n<meta property=\"og:type\" content=\"article\" \/>\n<meta property=\"og:title\" content=\"\u00dcber das Unternehmen - AVSEC DE\" \/>\n<meta property=\"og:description\" content=\"Avsec Cargo oferuje szkolenia online dla kierowc\u00f3w odpowiadaj\u0105cych za transport \u0142adunk\u00f3w pomi\u0119dzy lotniskami w Unii Europejskiej, a tak\u017ce dla firm prowadz\u0105cych lotnicz\u0105 dzia\u0142alno\u015b\u0107 gospodarcz\u0105. Szkolenia ko\u0144cz\u0105 si\u0119 egzaminem. kt\u00f3ry uprawnia do otrzymania certyfikatu honorowanego przez ULC.\" \/>\n<meta property=\"og:url\" content=\"https:\/\/szkolenia-avsec.pl\/de\/uber-das-unternehmen\/\" \/>\n<meta property=\"og:site_name\" content=\"AVSEC DE\" \/>\n<meta property=\"article:modified_time\" content=\"2021-10-11T09:10:55+00:00\" \/>\n<meta name=\"twitter:card\" content=\"summary_large_image\" \/>\n<meta name=\"twitter:label1\" content=\"Gesch\u00e4tzte Lesezeit\" \/>\n\t<meta name=\"twitter:data1\" content=\"1\u00a0Minute\" \/>\n<script type=\"application\/ld+json\" class=\"yoast-schema-graph\">{\"@context\":\"https:\/\/schema.org\",\"@graph\":[{\"@type\":\"WebPage\",\"@id\":\"https:\/\/szkolenia-avsec.pl\/de\/uber-das-unternehmen\/\",\"url\":\"https:\/\/szkolenia-avsec.pl\/de\/uber-das-unternehmen\/\",\"name\":\"\u00dcber das Unternehmen - AVSEC DE\",\"isPartOf\":{\"@id\":\"https:\/\/szkolenia-avsec.pl\/de\/#website\"},\"datePublished\":\"2017-11-08T10:24:13+00:00\",\"dateModified\":\"2021-10-11T09:10:55+00:00\",\"description\":\"Avsec Cargo oferuje szkolenia online dla kierowc\u00f3w odpowiadaj\u0105cych za transport \u0142adunk\u00f3w pomi\u0119dzy lotniskami w Unii Europejskiej, a tak\u017ce dla firm prowadz\u0105cych lotnicz\u0105 dzia\u0142alno\u015b\u0107 gospodarcz\u0105. Szkolenia ko\u0144cz\u0105 si\u0119 egzaminem. kt\u00f3ry uprawnia do otrzymania certyfikatu honorowanego przez ULC.\",\"breadcrumb\":{\"@id\":\"https:\/\/szkolenia-avsec.pl\/de\/uber-das-unternehmen\/#breadcrumb\"},\"inLanguage\":\"de\",\"potentialAction\":[{\"@type\":\"ReadAction\",\"target\":[\"https:\/\/szkolenia-avsec.pl\/de\/uber-das-unternehmen\/\"]}]},{\"@type\":\"BreadcrumbList\",\"@id\":\"https:\/\/szkolenia-avsec.pl\/de\/uber-das-unternehmen\/#breadcrumb\",\"itemListElement\":[{\"@type\":\"ListItem\",\"position\":1,\"name\":\"Strona g\u0142\u00f3wna\",\"item\":\"https:\/\/szkolenia-avsec.pl\/de\/\"},{\"@type\":\"ListItem\",\"position\":2,\"name\":\"\u00dcber das Unternehmen\"}]},{\"@type\":\"WebSite\",\"@id\":\"https:\/\/szkolenia-avsec.pl\/de\/#website\",\"url\":\"https:\/\/szkolenia-avsec.pl\/de\/\",\"name\":\"AVSEC DE\",\"description\":\"Online-Schulung in Luftsicherheit\",\"potentialAction\":[{\"@type\":\"SearchAction\",\"target\":{\"@type\":\"EntryPoint\",\"urlTemplate\":\"https:\/\/szkolenia-avsec.pl\/de\/?s={search_term_string}\"},\"query-input\":{\"@type\":\"PropertyValueSpecification\",\"valueRequired\":true,\"valueName\":\"search_term_string\"}}],\"inLanguage\":\"de\"}]}<\/script>\n<!-- \/ Yoast SEO plugin. -->","yoast_head_json":{"title":"\u00dcber das Unternehmen - AVSEC DE","description":"Avsec Cargo oferuje szkolenia online dla kierowc\u00f3w odpowiadaj\u0105cych za transport \u0142adunk\u00f3w pomi\u0119dzy lotniskami w Unii Europejskiej, a tak\u017ce dla firm prowadz\u0105cych lotnicz\u0105 dzia\u0142alno\u015b\u0107 gospodarcz\u0105. Szkolenia ko\u0144cz\u0105 si\u0119 egzaminem. kt\u00f3ry uprawnia do otrzymania certyfikatu honorowanego przez ULC.","robots":{"index":"index","follow":"follow","max-snippet":"max-snippet:-1","max-image-preview":"max-image-preview:large","max-video-preview":"max-video-preview:-1"},"canonical":"https:\/\/szkolenia-avsec.pl\/de\/uber-das-unternehmen\/","og_locale":"de_DE","og_type":"article","og_title":"\u00dcber das Unternehmen - AVSEC DE","og_description":"Avsec Cargo oferuje szkolenia online dla kierowc\u00f3w odpowiadaj\u0105cych za transport \u0142adunk\u00f3w pomi\u0119dzy lotniskami w Unii Europejskiej, a tak\u017ce dla firm prowadz\u0105cych lotnicz\u0105 dzia\u0142alno\u015b\u0107 gospodarcz\u0105. Szkolenia ko\u0144cz\u0105 si\u0119 egzaminem. kt\u00f3ry uprawnia do otrzymania certyfikatu honorowanego przez ULC.","og_url":"https:\/\/szkolenia-avsec.pl\/de\/uber-das-unternehmen\/","og_site_name":"AVSEC DE","article_modified_time":"2021-10-11T09:10:55+00:00","twitter_card":"summary_large_image","twitter_misc":{"Gesch\u00e4tzte Lesezeit":"1\u00a0Minute"},"schema":{"@context":"https:\/\/schema.org","@graph":[{"@type":"WebPage","@id":"https:\/\/szkolenia-avsec.pl\/de\/uber-das-unternehmen\/","url":"https:\/\/szkolenia-avsec.pl\/de\/uber-das-unternehmen\/","name":"\u00dcber das Unternehmen - AVSEC DE","isPartOf":{"@id":"https:\/\/szkolenia-avsec.pl\/de\/#website"},"datePublished":"2017-11-08T10:24:13+00:00","dateModified":"2021-10-11T09:10:55+00:00","description":"Avsec Cargo oferuje szkolenia online dla kierowc\u00f3w odpowiadaj\u0105cych za transport \u0142adunk\u00f3w pomi\u0119dzy lotniskami w Unii Europejskiej, a tak\u017ce dla firm prowadz\u0105cych lotnicz\u0105 dzia\u0142alno\u015b\u0107 gospodarcz\u0105. Szkolenia ko\u0144cz\u0105 si\u0119 egzaminem. kt\u00f3ry uprawnia do otrzymania certyfikatu honorowanego przez ULC.","breadcrumb":{"@id":"https:\/\/szkolenia-avsec.pl\/de\/uber-das-unternehmen\/#breadcrumb"},"inLanguage":"de","potentialAction":[{"@type":"ReadAction","target":["https:\/\/szkolenia-avsec.pl\/de\/uber-das-unternehmen\/"]}]},{"@type":"BreadcrumbList","@id":"https:\/\/szkolenia-avsec.pl\/de\/uber-das-unternehmen\/#breadcrumb","itemListElement":[{"@type":"ListItem","position":1,"name":"Strona g\u0142\u00f3wna","item":"https:\/\/szkolenia-avsec.pl\/de\/"},{"@type":"ListItem","position":2,"name":"\u00dcber das Unternehmen"}]},{"@type":"WebSite","@id":"https:\/\/szkolenia-avsec.pl\/de\/#website","url":"https:\/\/szkolenia-avsec.pl\/de\/","name":"AVSEC DE","description":"Online-Schulung in Luftsicherheit","potentialAction":[{"@type":"SearchAction","target":{"@type":"EntryPoint","urlTemplate":"https:\/\/szkolenia-avsec.pl\/de\/?s={search_term_string}"},"query-input":{"@type":"PropertyValueSpecification","valueRequired":true,"valueName":"search_term_string"}}],"inLanguage":"de"}]}},"_links":{"self":[{"href":"https:\/\/szkolenia-avsec.pl\/de\/wp-json\/wp\/v2\/pages\/64","targetHints":{"allow":["GET"]}}],"collection":[{"href":"https:\/\/szkolenia-avsec.pl\/de\/wp-json\/wp\/v2\/pages"}],"about":[{"href":"https:\/\/szkolenia-avsec.pl\/de\/wp-json\/wp\/v2\/types\/page"}],"author":[{"embeddable":true,"href":"https:\/\/szkolenia-avsec.pl\/de\/wp-json\/wp\/v2\/users\/1"}],"replies":[{"embeddable":true,"href":"https:\/\/szkolenia-avsec.pl\/de\/wp-json\/wp\/v2\/comments?post=64"}],"version-history":[{"count":22,"href":"https:\/\/szkolenia-avsec.pl\/de\/wp-json\/wp\/v2\/pages\/64\/revisions"}],"predecessor-version":[{"id":478,"href":"https:\/\/szkolenia-avsec.pl\/de\/wp-json\/wp\/v2\/pages\/64\/revisions\/478"}],"wp:attachment":[{"href":"https:\/\/szkolenia-avsec.pl\/de\/wp-json\/wp\/v2\/media?parent=64"}],"curies":[{"name":"wp","href":"https:\/\/api.w.org\/{rel}","templated":true}]}}