{"id":484,"date":"2023-02-06T09:32:18","date_gmt":"2023-02-06T08:32:18","guid":{"rendered":"https:\/\/szkolenia-avsec.pl\/de\/?page_id=484"},"modified":"2023-02-07T08:50:51","modified_gmt":"2023-02-07T07:50:51","slug":"dgr-schulung-2023","status":"publish","type":"page","link":"https:\/\/szkolenia-avsec.pl\/de\/dgr-schulung-2023\/","title":{"rendered":"DGR Schulung"},"content":{"rendered":"<h3 class=\"subtitle-double-line\">Neue Regeln f\u00fcr die DGR-Schulung<\/h3>\n<p><strong>Ab dem 1. Januar 2023 haben die Gefahrgutvorschriften (DGR)einen neuen Schulungsansatz als kompetenzorientierterSchulungs-undBeurteilungsansatz (Eng.CompetencyBased Training Assessment, CBTA) eingef\u00fchrt.<\/strong><\/p>\n<p>Aus diesem Grund wurden die bisher verwendeten Trainingskategorien entfernt und sind nicht mehr g\u00fcltig.Obwohl sich der Wortlaut der aktuellenSchulungsanforderungen ge\u00e4ndert hat, haben sich dasPrinzip der \u201eangemessenen Verantwortung\u201c und die Zielsetzung, dass alle Mitarbeiter ihre T\u00e4tigkeiten kompetent wahrnehmen, nicht ge\u00e4ndert.Die \u00c4nderungen betonen einfach dieses Prinzip und Ziel, indem sie einen kompetenzorientierten Schulungs- undBeurteilungsansatz unterst\u00fctzen.Sie verlangen, dass eine Person geschult und beurteilt wird, um ihre Kompetenz zur Aus\u00fcbung derT\u00e4tigkeiten, f\u00fcr die sie verantwortlich ist, nachzuweisen.<\/p>\n<p>Ein sicheres und effizientes Luftverkehrssystem ist von kompetenten Arbeitskr\u00e4ftenabh\u00e4ngig. Die ICAO hat es erkannt, dass dies durch die Umsetzung eineskompetenzorientierten Schulungs- und Beurteilungsansatzes erreicht werden kann.<strong>Die Technischen Anweisungen f\u00fcr die sichere Bef\u00f6rderung gef\u00e4hrlicher G\u00fcter auf dem Luftweg (Doc 9284, \u201eTechnische Anweisungen\u201c)<\/strong> verlangen, dass die Arbeitgeber es sicherstellen, dass das Personal bef\u00e4higt ist, alle Funktionen auszuf\u00fchren, f\u00fcr die sie verantwortlich sind, bevor sie diese aus\u00fcben.Ein kompetenzorientierter Schulungs- und Beurteilungsansatz ist ein wirksames Mittel, um sicherzustellen, dass diese Anforderung erf\u00fcllt wird.<\/p>\n<h3>Gesetz vom 5. August 2022 \u00fcber die Bef\u00f6rderung gef\u00e4hrlicher G\u00fcter auf dem Luftweg<\/h3>\n<p>In Polen wurde k\u00fcrzlich ein neues Gesetz zur Regelung des Transports gef\u00e4hrlicher G\u00fcter auf dem Luftweg geschaffen &#8211; <strong>Gesetz vom 5. August 2022 \u00fcber den Transport gef\u00e4hrlicher G\u00fcter auf dem Luftweg<\/strong>. Zus\u00e4tzlich,um die \u00c4nderung des Schulungsansatzes zu erleichtern, bietet die polnische Zivilluftfahrtbeh\u00f6rde <strong>die Leitlinien zu Schulungsprogrammen f\u00fcr gef\u00e4hrliche G\u00fcter<\/strong>. Sie werden in den <strong>Richtlinien Nr. 9 des Pr\u00e4sidenten der Zivilluftfahrtbeh\u00f6rde vom 13. Juni 2022 \u00fcber die Schulung zuden Prozessen des Transports gef\u00e4hrlicher G\u00fcter auf dem Luftweg<\/strong> <strong>auf der Grundlage eines Kompetenzansatzes behandelt.<\/strong><\/p>\n<p>&nbsp;<\/p>\n<p>Es ist f\u00fcr jede Organisation von entscheidender Bedeutungsicherzustellen, dass die Mitarbeiter ihre T\u00e4tigkeiten kompetent erf\u00fcllen k\u00f6nnen. Eine kompetente Belegschaft reduziert die Kosten, die durch schlechte Leistung oder falsche Kommunikation der Arbeitserwartungen verursacht werden.Die Folgen des Einsatzes inkompetenter Mitarbeiter beim Transport gef\u00e4hrlicher G\u00fcter k\u00f6nnen besonders sch\u00e4dlich sein, da dies zu Kosten und Verz\u00f6gerungen bei der Lieferung und, was noch wichtiger ist, zu Sicherheitsrisiken f\u00fchren kann.<\/p>\n<p>Beispielsweise sind das Identifizieren, Klassifizieren, Verpacken, Markieren, Etikettieren und Dokumentieren gef\u00e4hrlicher G\u00fcter f\u00fcr den Transport entscheidend f\u00fcr den sicheren Transport gef\u00e4hrlicher G\u00fcter auf dem Luftweg.Das Luftfahrtunternehmenlegt Wert darauf, dass diese T\u00e4tigkeiten von denjenigen, die eine Sendung f\u00fcr den Transport vorbereiten und anbieten, kompetent wahrgenommen werden, damit das Luftfahrtunternehmen seinerseits die Gefahren kennt und die erforderlichen Ma\u00dfnahmen ergreifen kann, um das Risiko f\u00fcr das Flugzeug und seine Passagiere zu mindern.Wenn das Personal, das diese T\u00e4tigkeiten aus\u00fcbt, nicht f\u00fcr die kompetente Aus\u00fcbung geschult ist, k\u00f6nnen unbekannte Risiken in den Luftverkehr eingef\u00fchrt werden.Bei der Annahme gef\u00e4hrlicher G\u00fcter f\u00fcr den Lufttransport muss ein Luftfahrtunternehmen anhand einer Checkliste \u00fcberpr\u00fcfen, ob gef\u00e4hrliche G\u00fcter ordnungsgem\u00e4\u00df f\u00fcr den Transport vorbereitet sind.Wenn das Personal, das gef\u00e4hrliche G\u00fcter annimmt, nicht geschult ist, um diese T\u00e4tigkeit kompetent auszu\u00fcben, kann es dazu kommen, dass es unsachgem\u00e4\u00df vorbereitete gef\u00e4hrliche G\u00fctersendungen f\u00fcr den Lufttransport annimmt, wodurch das Flugzeug und die Menschen am Board gef\u00e4hrdet werden.Alternativ k\u00f6nnen sie die ordnungsgem\u00e4\u00df vorbereiteten Sendungen unn\u00f6tig zur\u00fcckweisen, was zu Verz\u00f6gerungen bei Sendungen und erh\u00f6hten Kosten f\u00fcr den Versender und dasLuftfahrtunternehmen f\u00fchrt.<\/p>\n<p>Ein kompetenzorientierter Schulungs- und Beurteilungsansatz stellt sicher, dass die Teilnehmer es wissen, welche T\u00e4tigkeitensie kompetent aus\u00fcben m\u00fcssen, und die Bewerter wissen, welche Leistung zu beurteilen ist.<\/p>\n<p>Die Technische Anweisungen schreiben vor, dass das Personal angemessen der T\u00e4tigkeiten geschult werden muss, f\u00fcr die es verantwortlich ist.Diese Verantwortlichkeiten werden durch die spezifischen T\u00e4tigkeiten bestimmt, die das Personal aus\u00fcbt, und nicht durch ihre Berufsbezeichnungen.Die Konzentration auf T\u00e4tigkeiten und Verantwortlichkeiten statt auf eine Berufsbezeichnung oder Stellenbeschreibung stellt sicher, dass eine Person kompetent ist, die T\u00e4tigkeit in \u00dcbereinstimmung mit den Technischen Anweisungen auszu\u00fcben.<\/p>\n<p>Das Schulungsniveau, das jede Person erh\u00e4lt, sollte den ausge\u00fcbten T\u00e4tigkeiten angemessen sein. Dies kann f\u00fcr bestimmtes Personal von einer Einarbeitungsstufe bis zu einer Expertenstufe reichen.<strong>Um die Einhaltung der geltenden gesetzlichen Anforderungen in Bezug auf den sicheren Transport gef\u00e4hrlicher G\u00fcter auf dem Luftweg zu gew\u00e4hrleisten und in der kompetenten Aus\u00fcbung der verwandten T\u00e4tigkeiten geschult zu werden, in der folgenden Tabelle finden Sie die neuen Kurse von AVSEC.PL, die auf der Grundlage eines Kompetenzansatzes vorbereitet werden.<\/strong><\/p>\n<p>&nbsp;<\/p>\n<p><strong>Funktion 1: <\/strong>Personal, das f\u00fcr die Vorbereitung von Gefahrgut-Sendungen verantwortlich ist.<\/p>\n<ul>\n<li>Die Schulung und Beurteilung f\u00fcr Personal, das f\u00fcr die Vorbereitung von Gefahrgut-Sendungen im Luftverkehr verantwortlich ist, sind auf die Klassen, Unterklassen oder sogar UN-Nummern zugeschnitten, die diese zur Bef\u00f6rderung vorbereiten.Die Schulungen und Beurteilungen werden auf die genauen T\u00e4tigkeiten, die das Personalaus\u00fcbt, reduziert werden, um zu sichern, dass das mit der Vorbereitung von Sendungen mit gef\u00e4hrlichen G\u00fctern beauftragte Personal \u00fcber die entsprechenden Kenntnisse verf\u00fcgt, um die \u00fcbertragenen T\u00e4tigkeiten sachkundig zu erf\u00fcllen.<\/li>\n<\/ul>\n<p><strong>Funktion 2:Personal, das f\u00fcr die Abwicklung oder Abfertigung von G\u00fctern, dieals Normalfracht angeliefert werden, verantwortlich ist.<\/strong><\/p>\n<ul>\n<li>Personal, das f\u00fcr die Abwicklung von G\u00fctern verantwortlich ist, die als Normalfracht angeliefert werden, m\u00fcssenqualifiziert sein, um T\u00e4tigkeiten auszu\u00fcben, die darauf abzielen zu verhindern, dass undeklarierte gef\u00e4hrliche G\u00fcter zurBef\u00f6rderung im Luftverkehr angenommen und in ein Luftfahrzeug verladen werden.Dieses kann f\u00fcr Fracht-Agenten\/ Umschlagunternehmen, Bodenabfertigungsdienstleister oder Luftfahrtunternehmen arbeiten. Dieses Personal w\u00fcrdeentsprechendes Wissen ben\u00f6tigen, um diese T\u00e4tigkeiten qualifiziert aus\u00fcben zu k\u00f6nnen.<\/li>\n<\/ul>\n<p><strong>Funktion 3: Personal, das f\u00fcr die Abwicklung oder die Abfertigung von Gefahrgut-Sendungen verantwortlich ist.<\/strong><\/p>\n<ul>\n<li>Personal, das f\u00fcr die Abwicklung oder die Abfertigung von Gefahrgut-Sendungen verantwortlich ist, sollte in der Lage sein, Versanddokumente f\u00fcr gef\u00e4hrliche G\u00fcter, einschlie\u00dflich Luftfrachtbriefe, ordnungsgem\u00e4\u00df zu \u00fcberpr\u00fcfen, und mit den spezifischen nationalen und Fluggesellschaftsanforderungen vertraut sein. Dar\u00fcber hinaus umfassen die Anforderungen an diese Personen die Erkennung von Markierungen, Etiketten und die \u00dcberpr\u00fcfung der Art und des Zustands der Verpackung, einschlie\u00dflich der Kenntnis spezifischer nationaler und Fluggesellschaftsanforderungen. Die Schulung definiert auch die T\u00e4tigkeiten im Zusammenhang mit der Erfassung von Sicherheitsdaten.<\/li>\n<\/ul>\n<p><strong>Funktion 4: Personal, das f\u00fcr die Abfertigung von Fracht im Lager, f\u00fcr die Be- undEntladung von Ladeeinheiten und die Be- und Entladung der Frachtlader\u00e4umen vonLuftfahrzeugen verantwortlich ist.<\/strong><\/p>\n<ul>\n<li>Dies sind T\u00e4tigkeiten, die das Personal, das f\u00fcr die Abfertigung von Fracht im Lager, f\u00fcr die Be- und Entladung von Ladeeinheiten, f\u00fcr die Be- und Entladung von Gep\u00e4ck und von Frachtlader\u00e4umen von Luftfahrzeugen verantwortlich ist,normalerweise aus\u00fcbt und f\u00fcr welche eine Schulung und Beurteilung in folgenden Bereichen erforderlichsind: Verwaltung von Frachtaktivit\u00e4ten vor derBeladung, Transport von Fracht\/Gep\u00e4ck und Erfassung von Sicherheitsdaten.<\/li>\n<\/ul>\n<p><strong>Funktion 5: Personal, das f\u00fcr die Annahme des Gep\u00e4cks der Passagiere undBesatzungsmitglieder, f\u00fcr das Management der Luftfahrzeug-Einsteigebereiche undf\u00fcr andere Funktionen, die einen direkten Kontakt zu Passagieren an einemFlughafen beinhalten, verantwortlich ist.<\/strong><\/p>\n<ul>\n<li>Dies sind T\u00e4tigkeiten, die das Personal, das f\u00fcr die Annahme des Gep\u00e4cks der Passagiere und Besatzungsmitglieder, f\u00fcrdas Management der Luftfahrzeug-Einsteigebereiche und f\u00fcr andere Funktionen, die einen direkten Kontakt zuPassagieren an einem Flughafen beinhalten,verantwortlich ist, normalerweise aus\u00fcbt und f\u00fcr welche eine Schulung undBeurteilung erforderlich sind: die Annahme des Gep\u00e4cks der Passagiere und Besatzungsmitgliederund Erfassung von Sicherheitsdaten.<\/li>\n<\/ul>\n<p><strong>Funktion 6: Personal, das f\u00fcr die Ladeplanung von Luftfahrzeugen verantwortlich ist.<\/strong><\/p>\n<ul>\n<li>Die Verwaltung der T\u00e4tigkeiten vor der Frachtbeladung ist die Hauptaufgabe, die normalerweise von Personal durchgef\u00fchrt wird, das f\u00fcr die Planung der Beladung von Flugzeugen (Passagiere, Gep\u00e4ck, Post und Fracht) verantwortlich ist, und diesbez\u00fcglich sind Schulungen und Beurteilungen erforderlich.<strong><br \/>\n<\/strong><\/li>\n<\/ul>\n<p><strong>Funktion 7: Flugbesatzung.<\/strong><\/p>\n<ul>\n<li>Erkennung von verbotenen gef\u00e4hrlichen G\u00fctern im Gep\u00e4ck, Verst\u00e4ndnis von NOTOC &#8211; sind die Kernschulungsthemen, die f\u00fcr Funktion 7 erforderlich sind.<\/li>\n<\/ul>\n<p><strong>Funktion 8: Flugdienstberater und Flug-Dispatcher<\/strong><\/p>\n<ul>\n<li>Die \u00dcberwachung gef\u00e4hrlicher G\u00fcter vor und w\u00e4hrend des Fluges, einschlie\u00dflich NOTOC-Verst\u00e4ndnis und Notfallverfahren &#8211; sind T\u00e4tigkeiten, die von Notfallverfahren und Sicherheitsdatenerfassung Flugdienstberatern und Flug-Dispatchern normalerweise ausge\u00fcbt werden und f\u00fcr welcheeine Schulung und Beurteilung erforderlich sein w\u00fcrde.<\/li>\n<\/ul>\n<p><strong>Funktion 9: Kabinenbesatzung<\/strong><\/p>\n<ul>\n<li>Bei der Annahme von Passagier- und Besatzungsgep\u00e4ck sind die Einhaltung der Vorgaben des Luftfahrtunternehmens, die vorschriftsm\u00e4\u00dfige Gep\u00e4ckkontrolle und die Benachrichtigung des Flugzeugkapit\u00e4ns unerl\u00e4sslich. Dar\u00fcber hinaus umfasst diese Schulung das Erkennen der nicht autorisierten gef\u00e4hrlichen G\u00fcter im Gep\u00e4ck, das Verst\u00e4ndnis von NOTOC, Notfallverfahren und Sicherheitsdatenerfassung.<\/li>\n<\/ul>\n<p><strong>Funktion 10: Personal, das f\u00fcr die Sicherheitskontrolle der Passagiere undBesatzungsmitglieder und deren Gep\u00e4ck, Fracht und Post verantwortlich ist.<\/strong><\/p>\n<ul>\n<li>Dies sind T\u00e4tigkeiten, die von Personal, das f\u00fcr die Sicherheitskontrolle der Passagiere und Besatzungsmitglieder und deren Gep\u00e4ck, Fracht und Post verantwortlich ist, normalerweise ausge\u00fcbt werden und f\u00fcr welche eine Schulung und Beurteilung erforderlich sind:\u00dcberpr\u00fcfung von Sendungen auf Anzeichen von nicht deklarierten gef\u00e4hrlichen G\u00fctern und Identifizierung von verbotenen gef\u00e4hrlichen G\u00fctern.<\/li>\n<\/ul>\n","protected":false},"excerpt":{"rendered":"<p>Neue Regeln f\u00fcr die DGR-Schulung Ab dem 1. Januar 2023 haben die Gefahrgutvorschriften (DGR)einen neuen Schulungsansatz als kompetenzorientierterSchulungs-undBeurteilungsansatz [&hellip;]<\/p>\n","protected":false},"author":3,"featured_media":0,"parent":0,"menu_order":0,"comment_status":"closed","ping_status":"closed","template":"page-sidebar.php","meta":{"_acf_changed":false,"footnotes":""},"class_list":["post-484","page","type-page","status-publish","hentry"],"acf":[],"yoast_head":"<!-- This site is optimized with the Yoast SEO plugin v24.0 - https:\/\/yoast.com\/wordpress\/plugins\/seo\/ -->\n<title>DGR Schulung - AVSEC DE<\/title>\n<meta name=\"robots\" content=\"index, follow, max-snippet:-1, max-image-preview:large, max-video-preview:-1\" \/>\n<link rel=\"canonical\" href=\"https:\/\/szkolenia-avsec.pl\/de\/dgr-schulung-2023\/\" \/>\n<meta property=\"og:locale\" content=\"de_DE\" \/>\n<meta property=\"og:type\" content=\"article\" \/>\n<meta property=\"og:title\" content=\"DGR Schulung - AVSEC DE\" \/>\n<meta property=\"og:description\" content=\"Neue Regeln f\u00fcr die DGR-Schulung Ab dem 1. Januar 2023 haben die Gefahrgutvorschriften (DGR)einen neuen Schulungsansatz als kompetenzorientierterSchulungs-undBeurteilungsansatz [&hellip;]\" \/>\n<meta property=\"og:url\" content=\"https:\/\/szkolenia-avsec.pl\/de\/dgr-schulung-2023\/\" \/>\n<meta property=\"og:site_name\" content=\"AVSEC DE\" \/>\n<meta property=\"article:modified_time\" content=\"2023-02-07T07:50:51+00:00\" \/>\n<meta name=\"twitter:card\" content=\"summary_large_image\" \/>\n<meta name=\"twitter:label1\" content=\"Gesch\u00e4tzte Lesezeit\" \/>\n\t<meta name=\"twitter:data1\" content=\"8\u00a0Minuten\" \/>\n<script type=\"application\/ld+json\" class=\"yoast-schema-graph\">{\"@context\":\"https:\/\/schema.org\",\"@graph\":[{\"@type\":\"WebPage\",\"@id\":\"https:\/\/szkolenia-avsec.pl\/de\/dgr-schulung-2023\/\",\"url\":\"https:\/\/szkolenia-avsec.pl\/de\/dgr-schulung-2023\/\",\"name\":\"DGR Schulung - AVSEC DE\",\"isPartOf\":{\"@id\":\"https:\/\/szkolenia-avsec.pl\/de\/#website\"},\"datePublished\":\"2023-02-06T08:32:18+00:00\",\"dateModified\":\"2023-02-07T07:50:51+00:00\",\"breadcrumb\":{\"@id\":\"https:\/\/szkolenia-avsec.pl\/de\/dgr-schulung-2023\/#breadcrumb\"},\"inLanguage\":\"de\",\"potentialAction\":[{\"@type\":\"ReadAction\",\"target\":[\"https:\/\/szkolenia-avsec.pl\/de\/dgr-schulung-2023\/\"]}]},{\"@type\":\"BreadcrumbList\",\"@id\":\"https:\/\/szkolenia-avsec.pl\/de\/dgr-schulung-2023\/#breadcrumb\",\"itemListElement\":[{\"@type\":\"ListItem\",\"position\":1,\"name\":\"Strona g\u0142\u00f3wna\",\"item\":\"https:\/\/szkolenia-avsec.pl\/de\/\"},{\"@type\":\"ListItem\",\"position\":2,\"name\":\"DGR Schulung\"}]},{\"@type\":\"WebSite\",\"@id\":\"https:\/\/szkolenia-avsec.pl\/de\/#website\",\"url\":\"https:\/\/szkolenia-avsec.pl\/de\/\",\"name\":\"AVSEC DE\",\"description\":\"Online-Schulung in Luftsicherheit\",\"potentialAction\":[{\"@type\":\"SearchAction\",\"target\":{\"@type\":\"EntryPoint\",\"urlTemplate\":\"https:\/\/szkolenia-avsec.pl\/de\/?s={search_term_string}\"},\"query-input\":{\"@type\":\"PropertyValueSpecification\",\"valueRequired\":true,\"valueName\":\"search_term_string\"}}],\"inLanguage\":\"de\"}]}<\/script>\n<!-- \/ Yoast SEO plugin. -->","yoast_head_json":{"title":"DGR Schulung - AVSEC DE","robots":{"index":"index","follow":"follow","max-snippet":"max-snippet:-1","max-image-preview":"max-image-preview:large","max-video-preview":"max-video-preview:-1"},"canonical":"https:\/\/szkolenia-avsec.pl\/de\/dgr-schulung-2023\/","og_locale":"de_DE","og_type":"article","og_title":"DGR Schulung - AVSEC DE","og_description":"Neue Regeln f\u00fcr die DGR-Schulung Ab dem 1. Januar 2023 haben die Gefahrgutvorschriften (DGR)einen neuen Schulungsansatz als kompetenzorientierterSchulungs-undBeurteilungsansatz [&hellip;]","og_url":"https:\/\/szkolenia-avsec.pl\/de\/dgr-schulung-2023\/","og_site_name":"AVSEC DE","article_modified_time":"2023-02-07T07:50:51+00:00","twitter_card":"summary_large_image","twitter_misc":{"Gesch\u00e4tzte Lesezeit":"8\u00a0Minuten"},"schema":{"@context":"https:\/\/schema.org","@graph":[{"@type":"WebPage","@id":"https:\/\/szkolenia-avsec.pl\/de\/dgr-schulung-2023\/","url":"https:\/\/szkolenia-avsec.pl\/de\/dgr-schulung-2023\/","name":"DGR Schulung - AVSEC DE","isPartOf":{"@id":"https:\/\/szkolenia-avsec.pl\/de\/#website"},"datePublished":"2023-02-06T08:32:18+00:00","dateModified":"2023-02-07T07:50:51+00:00","breadcrumb":{"@id":"https:\/\/szkolenia-avsec.pl\/de\/dgr-schulung-2023\/#breadcrumb"},"inLanguage":"de","potentialAction":[{"@type":"ReadAction","target":["https:\/\/szkolenia-avsec.pl\/de\/dgr-schulung-2023\/"]}]},{"@type":"BreadcrumbList","@id":"https:\/\/szkolenia-avsec.pl\/de\/dgr-schulung-2023\/#breadcrumb","itemListElement":[{"@type":"ListItem","position":1,"name":"Strona g\u0142\u00f3wna","item":"https:\/\/szkolenia-avsec.pl\/de\/"},{"@type":"ListItem","position":2,"name":"DGR Schulung"}]},{"@type":"WebSite","@id":"https:\/\/szkolenia-avsec.pl\/de\/#website","url":"https:\/\/szkolenia-avsec.pl\/de\/","name":"AVSEC DE","description":"Online-Schulung in Luftsicherheit","potentialAction":[{"@type":"SearchAction","target":{"@type":"EntryPoint","urlTemplate":"https:\/\/szkolenia-avsec.pl\/de\/?s={search_term_string}"},"query-input":{"@type":"PropertyValueSpecification","valueRequired":true,"valueName":"search_term_string"}}],"inLanguage":"de"}]}},"_links":{"self":[{"href":"https:\/\/szkolenia-avsec.pl\/de\/wp-json\/wp\/v2\/pages\/484","targetHints":{"allow":["GET"]}}],"collection":[{"href":"https:\/\/szkolenia-avsec.pl\/de\/wp-json\/wp\/v2\/pages"}],"about":[{"href":"https:\/\/szkolenia-avsec.pl\/de\/wp-json\/wp\/v2\/types\/page"}],"author":[{"embeddable":true,"href":"https:\/\/szkolenia-avsec.pl\/de\/wp-json\/wp\/v2\/users\/3"}],"replies":[{"embeddable":true,"href":"https:\/\/szkolenia-avsec.pl\/de\/wp-json\/wp\/v2\/comments?post=484"}],"version-history":[{"count":5,"href":"https:\/\/szkolenia-avsec.pl\/de\/wp-json\/wp\/v2\/pages\/484\/revisions"}],"predecessor-version":[{"id":490,"href":"https:\/\/szkolenia-avsec.pl\/de\/wp-json\/wp\/v2\/pages\/484\/revisions\/490"}],"wp:attachment":[{"href":"https:\/\/szkolenia-avsec.pl\/de\/wp-json\/wp\/v2\/media?parent=484"}],"curies":[{"name":"wp","href":"https:\/\/api.w.org\/{rel}","templated":true}]}}