{"id":413,"date":"2020-01-09T12:40:29","date_gmt":"2020-01-09T11:40:29","guid":{"rendered":"https:\/\/szkolenia-avsec.pl\/de\/?page_id=413"},"modified":"2021-10-06T08:44:02","modified_gmt":"2021-10-06T06:44:02","slug":"szkolenia-it-security","status":"publish","type":"page","link":"https:\/\/szkolenia-avsec.pl\/de\/szkolenia-it-security\/","title":{"rendered":"IT-SICHERHEIT SCHULUNG"},"content":{"rendered":"\r\n<p>Vom 23. bis 24. Januar 2020 findet eine IT-Sicherheit Schulung statt, um die Teilnehmer \u00fcber die grundlegenden Standards f\u00fcr die Umsetzung von Ma\u00dfnahmen zur Beseitigung von Cybersicherheitsbedrohungen aufzukl\u00e4ren.<\/p>\r\n\r\n\r\n\r\n<p>Gem\u00e4\u00df den Bestimmungen der \u00c4nderung der Durchf\u00fchrungsverordnung (EU) 2015\/1998 zur Festlegung detaillierter Ma\u00dfnahmen f\u00fcr die Durchf\u00fchrung der gemeinsamen Grundstandards f\u00fcr die Luftsicherheit in Bezug auf Cybersicherheitsma\u00dfnahmen, richtet sich diese Schulung an die verantwortlichen Personen in Unternehmen, die wirtschaftliche Luftfahrtt\u00e4tigkeit aus\u00fcben, d.h. Flughafenbetreiber, Luftfahrtunternehmen und andere, die ihre kritischen Informations- und Kommunikationstechnologiesysteme identifiziert haben.<\/p>\r\n\r\n\r\n\r\n<p><strong>Das Schulungsprogramm umfasst folgende Themen:<\/strong><\/p>\r\n\r\n\r\n\r\n<ol class=\"wp-block-list\">\r\n<li>\u00dcbersicht \u00fcber Institutionen und Personen, die von einem Cyber-Terrorangriff betroffen sind;<\/li>\r\n<li>M\u00f6glichkeiten, den aktuellen Bedrohungen entgegenzuwirken;<\/li>\r\n<li>Neue Bedrohungsmodelle und neue Abwehrmethoden;<\/li>\r\n<li>Methoden zum Aufbau sicherer IT-Systeme;<\/li>\r\n<li>Schutz des geistigen Eigentums in offenen Umgebungen;<\/li>\r\n<li>Praktischer Teil: g\u00fcltiger E-Mail Unterschrift, Nachrichtenentschl\u00fcsselung;<\/li>\r\n<\/ol>\r\n\r\n\r\n\r\n<p>Schulung und Zertifizierung von verantwortlichen Personen.<br \/>Die Schulung wird von Herrn Maciej Karpiuk geleitet &#8211; einem langj\u00e4hrigen Ausbilder in der Sicherheitsbranche: Entwickler von L\u00f6sungen f\u00fcr die Sicherheit von Zahlungskartentransaktionen (z. B. Samsung Pay) sowie die Sicherheit mobiler Ger\u00e4te hinsichtlich Betriebssystem und Anwendung (z.B. SoftPOS).<\/p>\r\n<p>Die Schulung findet im Konferenzraum avsec.pl in Warschau (Aleje Jerozolimskie 200) von 09.00 &#8211; 15.00 Uhr statt und die Teilnahme kostet 1000 PLN netto \/ Person.<br \/>Die Anzahl der Pl\u00e4tze ist begrenzt.<\/p>\r\n<p>Wenn Sie an der Schulung teilnehmen m\u00f6chten, richten Sie bitte Ihre Fragen an folgende E-Mail Adresse: bartosz.stolarek@avsec.pl oder telefonisch:<br \/>+48 604-576-570.<\/p>\r\n<p>Wir laden Sie herzlich ein!<\/p>\r\n","protected":false},"excerpt":{"rendered":"<p>Vom 23. bis 24. Januar 2020 findet eine IT-Sicherheit Schulung statt, um die Teilnehmer \u00fcber die grundlegenden Standards [&hellip;]<\/p>\n","protected":false},"author":3,"featured_media":0,"parent":0,"menu_order":0,"comment_status":"closed","ping_status":"closed","template":"page-sidebar.php","meta":{"_acf_changed":false,"footnotes":""},"class_list":["post-413","page","type-page","status-publish","hentry"],"acf":[],"yoast_head":"<!-- This site is optimized with the Yoast SEO plugin v24.0 - https:\/\/yoast.com\/wordpress\/plugins\/seo\/ -->\n<title>IT-SICHERHEIT SCHULUNG - AVSEC DE<\/title>\n<meta name=\"robots\" content=\"index, follow, max-snippet:-1, max-image-preview:large, max-video-preview:-1\" \/>\n<link rel=\"canonical\" href=\"https:\/\/szkolenia-avsec.pl\/de\/szkolenia-it-security\/\" \/>\n<meta property=\"og:locale\" content=\"de_DE\" \/>\n<meta property=\"og:type\" content=\"article\" \/>\n<meta property=\"og:title\" content=\"IT-SICHERHEIT SCHULUNG - AVSEC DE\" \/>\n<meta property=\"og:description\" content=\"Vom 23. bis 24. Januar 2020 findet eine IT-Sicherheit Schulung statt, um die Teilnehmer \u00fcber die grundlegenden Standards [&hellip;]\" \/>\n<meta property=\"og:url\" content=\"https:\/\/szkolenia-avsec.pl\/de\/szkolenia-it-security\/\" \/>\n<meta property=\"og:site_name\" content=\"AVSEC DE\" \/>\n<meta property=\"article:modified_time\" content=\"2021-10-06T06:44:02+00:00\" \/>\n<meta name=\"twitter:card\" content=\"summary_large_image\" \/>\n<meta name=\"twitter:label1\" content=\"Gesch\u00e4tzte Lesezeit\" \/>\n\t<meta name=\"twitter:data1\" content=\"1\u00a0Minute\" \/>\n<script type=\"application\/ld+json\" class=\"yoast-schema-graph\">{\"@context\":\"https:\/\/schema.org\",\"@graph\":[{\"@type\":\"WebPage\",\"@id\":\"https:\/\/szkolenia-avsec.pl\/de\/szkolenia-it-security\/\",\"url\":\"https:\/\/szkolenia-avsec.pl\/de\/szkolenia-it-security\/\",\"name\":\"IT-SICHERHEIT SCHULUNG - AVSEC DE\",\"isPartOf\":{\"@id\":\"https:\/\/szkolenia-avsec.pl\/de\/#website\"},\"datePublished\":\"2020-01-09T11:40:29+00:00\",\"dateModified\":\"2021-10-06T06:44:02+00:00\",\"breadcrumb\":{\"@id\":\"https:\/\/szkolenia-avsec.pl\/de\/szkolenia-it-security\/#breadcrumb\"},\"inLanguage\":\"de\",\"potentialAction\":[{\"@type\":\"ReadAction\",\"target\":[\"https:\/\/szkolenia-avsec.pl\/de\/szkolenia-it-security\/\"]}]},{\"@type\":\"BreadcrumbList\",\"@id\":\"https:\/\/szkolenia-avsec.pl\/de\/szkolenia-it-security\/#breadcrumb\",\"itemListElement\":[{\"@type\":\"ListItem\",\"position\":1,\"name\":\"Strona g\u0142\u00f3wna\",\"item\":\"https:\/\/szkolenia-avsec.pl\/de\/\"},{\"@type\":\"ListItem\",\"position\":2,\"name\":\"IT-SICHERHEIT SCHULUNG\"}]},{\"@type\":\"WebSite\",\"@id\":\"https:\/\/szkolenia-avsec.pl\/de\/#website\",\"url\":\"https:\/\/szkolenia-avsec.pl\/de\/\",\"name\":\"AVSEC DE\",\"description\":\"Online-Schulung in Luftsicherheit\",\"potentialAction\":[{\"@type\":\"SearchAction\",\"target\":{\"@type\":\"EntryPoint\",\"urlTemplate\":\"https:\/\/szkolenia-avsec.pl\/de\/?s={search_term_string}\"},\"query-input\":{\"@type\":\"PropertyValueSpecification\",\"valueRequired\":true,\"valueName\":\"search_term_string\"}}],\"inLanguage\":\"de\"}]}<\/script>\n<!-- \/ Yoast SEO plugin. -->","yoast_head_json":{"title":"IT-SICHERHEIT SCHULUNG - AVSEC DE","robots":{"index":"index","follow":"follow","max-snippet":"max-snippet:-1","max-image-preview":"max-image-preview:large","max-video-preview":"max-video-preview:-1"},"canonical":"https:\/\/szkolenia-avsec.pl\/de\/szkolenia-it-security\/","og_locale":"de_DE","og_type":"article","og_title":"IT-SICHERHEIT SCHULUNG - AVSEC DE","og_description":"Vom 23. bis 24. Januar 2020 findet eine IT-Sicherheit Schulung statt, um die Teilnehmer \u00fcber die grundlegenden Standards [&hellip;]","og_url":"https:\/\/szkolenia-avsec.pl\/de\/szkolenia-it-security\/","og_site_name":"AVSEC DE","article_modified_time":"2021-10-06T06:44:02+00:00","twitter_card":"summary_large_image","twitter_misc":{"Gesch\u00e4tzte Lesezeit":"1\u00a0Minute"},"schema":{"@context":"https:\/\/schema.org","@graph":[{"@type":"WebPage","@id":"https:\/\/szkolenia-avsec.pl\/de\/szkolenia-it-security\/","url":"https:\/\/szkolenia-avsec.pl\/de\/szkolenia-it-security\/","name":"IT-SICHERHEIT SCHULUNG - AVSEC DE","isPartOf":{"@id":"https:\/\/szkolenia-avsec.pl\/de\/#website"},"datePublished":"2020-01-09T11:40:29+00:00","dateModified":"2021-10-06T06:44:02+00:00","breadcrumb":{"@id":"https:\/\/szkolenia-avsec.pl\/de\/szkolenia-it-security\/#breadcrumb"},"inLanguage":"de","potentialAction":[{"@type":"ReadAction","target":["https:\/\/szkolenia-avsec.pl\/de\/szkolenia-it-security\/"]}]},{"@type":"BreadcrumbList","@id":"https:\/\/szkolenia-avsec.pl\/de\/szkolenia-it-security\/#breadcrumb","itemListElement":[{"@type":"ListItem","position":1,"name":"Strona g\u0142\u00f3wna","item":"https:\/\/szkolenia-avsec.pl\/de\/"},{"@type":"ListItem","position":2,"name":"IT-SICHERHEIT SCHULUNG"}]},{"@type":"WebSite","@id":"https:\/\/szkolenia-avsec.pl\/de\/#website","url":"https:\/\/szkolenia-avsec.pl\/de\/","name":"AVSEC DE","description":"Online-Schulung in Luftsicherheit","potentialAction":[{"@type":"SearchAction","target":{"@type":"EntryPoint","urlTemplate":"https:\/\/szkolenia-avsec.pl\/de\/?s={search_term_string}"},"query-input":{"@type":"PropertyValueSpecification","valueRequired":true,"valueName":"search_term_string"}}],"inLanguage":"de"}]}},"_links":{"self":[{"href":"https:\/\/szkolenia-avsec.pl\/de\/wp-json\/wp\/v2\/pages\/413","targetHints":{"allow":["GET"]}}],"collection":[{"href":"https:\/\/szkolenia-avsec.pl\/de\/wp-json\/wp\/v2\/pages"}],"about":[{"href":"https:\/\/szkolenia-avsec.pl\/de\/wp-json\/wp\/v2\/types\/page"}],"author":[{"embeddable":true,"href":"https:\/\/szkolenia-avsec.pl\/de\/wp-json\/wp\/v2\/users\/3"}],"replies":[{"embeddable":true,"href":"https:\/\/szkolenia-avsec.pl\/de\/wp-json\/wp\/v2\/comments?post=413"}],"version-history":[{"count":4,"href":"https:\/\/szkolenia-avsec.pl\/de\/wp-json\/wp\/v2\/pages\/413\/revisions"}],"predecessor-version":[{"id":469,"href":"https:\/\/szkolenia-avsec.pl\/de\/wp-json\/wp\/v2\/pages\/413\/revisions\/469"}],"wp:attachment":[{"href":"https:\/\/szkolenia-avsec.pl\/de\/wp-json\/wp\/v2\/media?parent=413"}],"curies":[{"name":"wp","href":"https:\/\/api.w.org\/{rel}","templated":true}]}}