{"id":393,"date":"2019-11-18T12:08:53","date_gmt":"2019-11-18T11:08:53","guid":{"rendered":"https:\/\/szkolenia-avsec.pl\/de\/?page_id=393"},"modified":"2021-10-08T10:48:35","modified_gmt":"2021-10-08T08:48:35","slug":"datenschutzbestimmungen","status":"publish","type":"page","link":"https:\/\/szkolenia-avsec.pl\/de\/datenschutzbestimmungen\/","title":{"rendered":"Datenschutzbestimmungen"},"content":{"rendered":"<div class=\"row\">\n<div class=\"col-md-8 col-xs-12\">\n<h2>Datenschutzerkl\u00e4rung<\/h2>\n<h3><strong>Allgemeine Bestimmungen<\/strong><\/h3>\n<p>Der Datenadministrator ist Avsec Cargo mit Sitz in Warschau, Pulawska Str. 104\/11, eingetragen in das Unternehmensregister unter der Umsatzsteuer-Identifikationsnummer (USt-IdNr): PL6641967957, Gewerbeanmeldungsnummer: 147061507. Der Datenschutz erfolgt gem\u00e4\u00df den Anforderungen des allgemein geltenden Rechts und ihre Speicherung erfolgt auf gesicherten Servern.<\/p>\n<p>F\u00fcr die Interpretation von Begriffen wird ein Glossar der Bestimmungen verwendet oder wie in der Datenschutzerkl\u00e4rung beschrieben (sofern es sich direkt aus der Beschreibung ergibt).<\/p>\n<p>Zum besseren Verst\u00e4ndnis der Datenschutzerkl\u00e4rung wurde der Begriff \u201eBenutzer\u201d durch die Begriffe \u201eSie\u201d, \u201eAdministrator\u201d \u2013 \u201eWir\u201d ersetzt. Der Begriff \u201eDSGVO\u201d bezeichnet die Verordnung (EU) 2016\/679 des Europ\u00e4ischen Parlaments und des Rates vom 27. April 2016 zum Schutz nat\u00fcrlicher Personen bei der Verarbeitung personenbezogener Daten, zum freien Datenverkehr und zur Aufhebung der Richtlinie 95\/46\/EG.<\/p>\n<p>Wir respektieren das Recht auf Privatsph\u00e4re und wir sorgen f\u00fcr Datensicherheit. Zu diesem Zweck wird unter anderem ein sicheres Kommunikation-Verschl\u00fcsselungsprotokoll (SSL) genutzt.<\/p>\n<p>Die in den Formularen angegebenen personenbezogenen Daten werden vertraulich behandelt und sind f\u00fcr die unbefugten Personen nicht sichtbar.<\/p>\n<h3><strong>Datenadministrator<\/strong><\/h3>\n<p>Der Dienstanbieter ist der Administrator der Daten seiner Kunden. Dies bedeutet, dass wir, wenn Sie ein Konto auf unserer Website haben, Ihre Daten wie Name, Nachname, E-Mail-Adresse, Arbeitsstelle und Arbeitsort verarbeiten. F\u00fcr Personen, die an der sicheren Lieferkette beteiligt sind und der Zuverl\u00e4ssigkeits\u00fcberpr\u00fcfung unterliegen, sammeln wir zus\u00e4tzliche Daten wie: Namen der Eltern, Geburtsdatum, PESEL-Nummer (d.h. die Nummer im allgemeinen elektronischen System zur Erfassung der Bev\u00f6lkerung), Besch\u00e4ftigungsgeschichte, Ausbildungsgeschichte, Aufenthaltsl\u00e4nder.<\/p>\n<p>Personenbezogene Daten werden verarbeitet:<\/p>\n<p>\u2013 gem\u00e4\u00df den Bestimmungen zum Schutz personenbezogener Daten,<\/p>\n<p>\u2013 gem\u00e4\u00df den implementierten Datenschutzerkl\u00e4rung,<\/p>\n<p>\u2013 soweit es erforderlich ist und zu dem Zweck den Vertrag abzuschlie\u00dfen, den Vertragsinhalt zu gestalten, zu \u00e4ndern oder zu k\u00fcndigen und die elektronisch bereitgestellten Dienste korrekt umzusetzen,<\/p>\n<p>\u2013 soweit erforderlich und zu dem Zweck die berechtigten Interessen (legitime Zwecke) zu beachten, und die Verarbeitung verletzt nicht die Rechte und Freiheiten der betroffenen Person.<\/p>\n<p>Jede Person, deren Daten betroffen sind (wenn wir Administrator ihrer Daten sind), hat das Recht auf Daten zuzugreifen, die Verarbeitung zu korrigieren, zu l\u00f6schen oder einzuschr\u00e4nken, das Recht zu widersprechen, das Recht, eine Beschwerde bei der Aufsichtsbeh\u00f6rde einzureichen.<\/p>\n<p>Der Kontakt mit der Person, die die Verarbeitung personenbezogener Daten in der Organisation des Dienstleisters \u00fcberwacht, ist per E-Mail an folgende Adresse m\u00f6glich:\u00a0<a href=\"mailto:bartosz.stolarek@avsec.pl\">bartosz.stolarek@avsec.pl<\/a><\/p>\n<p>&nbsp;<\/p>\n<p>Wir behalten uns das Recht vor, Ihre Daten nach Beendigung des Vertrags oder Widerruf der Einwilligung nur insoweit zu verarbeiten, als wir Anspr\u00fcche vor einem Gericht geltend machen m\u00fcssen oder wenn nationale oder EU-Vorschriften oder internationales Recht uns zur Vorratsdatenspeicherung verpflichten.<\/p>\n<p>Der Dienstanbieter hat das Recht, personenbezogene Daten des Benutzers und seine weiteren Daten an nach geltendem Recht autorisierte Stellen (z. B. Strafverfolgungsbeh\u00f6rden) weiterzugeben.<\/p>\n<p>Die L\u00f6schung personenbezogener Daten kann durch Widerruf der Einwilligung oder Einlegung eines rechtlich zul\u00e4ssigen Widerspruchs gegen die Verarbeitung personenbezogener Daten erfolgen.<\/p>\n<p>Der Dienstanbieter stellt keine personenbezogenen Daten der Anderen zur Verf\u00fcgung, es sei denn, sie sind nach geltendem Recht dazu zugelassen.<\/p>\n<p>Wir haben die Pseudonymisierung und Datenverschl\u00fcsselung implementiert und die Zugriffskontrolle eingef\u00fchrt, wodurch wir die Auswirkungen einer m\u00f6glichen Verletzung der Datensicherheit minimieren.<\/p>\n<p>Personenbezogene Daten werden nur von Personen verarbeitet, die von autorisiert wurden oder mit denen wir eng zusammenarbeiten.<\/p>\n<h3><strong>Cookies-Dateien<\/strong><\/h3>\n<p>Die Website www.avsec.pl verwendet Cookies. Dies sind kleine Textdateien, die vom Webserver gesendet und von der Browser-Computersoftware gespeichert werden. Wenn der Browser erneut eine Verbindung zur Site herstellt, erkennt die Site den Ger\u00e4tetyp, mit dem der Benutzer eine Verbindung herstellt. Die Parameter lassen die darin enthaltenen Informationen nur durch den Server gelesen zu werden, der diese Informationen erstellt hat. Cookies erleichtern daher die Nutzung zuvor besuchter Websites. Die gesammelten Informationen beziehen sich auf die IP-Adresse, die Art des verwendeten Browsers, die Sprache, die Art des Betriebssystems, den Internetdienstanbieter, Zeit- und Datumsinformationen, den Ort und die Informationen, die \u00fcber das Kontaktformular an die Website gesendet werden.<\/p>\n<p>Die gesammelten Daten werden dazu verwendet, die Nutzung unserer Websites zu \u00fcberwachen und zu \u00fcberpr\u00fcfen und die Funktionsweise der Websites durch eine effizientere und problemlosere Navigation zu verbessern. Wir \u00fcberwachen Benutzerinformationen mithilfe des Google Analytics-Tools, das das Nutzerverhalten auf der Website aufzeichnet. Cookies identifizieren den Benutzer, wodurch der Inhalt der von ihm verwendeten Website an seine Bed\u00fcrfnisse angepasst werden kann. Wir verwenden Cookies, um den h\u00f6chsten Komfort bei der Nutzung unserer Website zu gew\u00e4hrleisten. Die gesammelten Daten werden nur innerhalb von Avsec Cargo zur Optimierung des Betriebs verwendet.<\/p>\n<p>Auf unserer Website werden die folgenden Cookies verwendet:<\/p>\n<p>\u2013 \u201eNotwendige-Cookies\u201c, die die Nutzung der auf der Website verf\u00fcgbaren Dienste erm\u00f6glichen, z.B. Authentifizierungs-Cookies, die f\u00fcr diese Dienste verwendet werden, derer Authentifizierung auf der Website erforderlich ist,<\/p>\n<p>\u2013 Cookies, die zur Gew\u00e4hrleistung der Sicherheit verwendet werden, z.B. zur Aufdeckung von Betrug bei der Authentifizierung auf der Website,<\/p>\n<p>\u2013 \u201eLeistungs-Cookies\u201c, die das Sammeln von Informationen \u00fcber die Nutzung von Webseiten erm\u00f6glichen,<\/p>\n<p>\u2013 \u201eFunktionale Cookies\u201c, die die Speicherung der vom Benutzer ausgew\u00e4hlten Einstellungen und die Personalisierung des Benutzer-Interface erm\u00f6glichen, z.B. in Bezug auf die gew\u00e4hlte Sprache oder die Herkunftsregion des Benutzers, die Schriftgr\u00f6\u00dfe, das Erscheinungsbild der Website usw.<\/p>\n<p>Der Benutzer kann das Sammeln von Cookies jederzeit deaktivieren oder wiederherstellen, indem er die Einstellungen im Webbrowser \u00e4ndert. Anweisungen zum Verwalten von Cookies finden Sie unter http:\/\/www.allaboutcookies.org\/manage-cookies.<\/p>\n<p>Zus\u00e4tzliche personenbezogene Daten, wie die E-Mail-Adresse, werden nur dann gespeichert, wenn der Benutzer, durch Ausf\u00fcllen des Formulars, dazu ausdr\u00fccklich zugestimmt hat. Wir speichern und verwenden die oben genannten Daten nur f\u00fcr die notwendige Ausf\u00fchrung der bestimmten Funktion.<\/p>\n<\/div>\n<\/div>\n","protected":false},"excerpt":{"rendered":"<p>Datenschutzerkl\u00e4rung Allgemeine Bestimmungen Der Datenadministrator ist Avsec Cargo mit Sitz in Warschau, Pulawska Str. 104\/11, eingetragen in das [&hellip;]<\/p>\n","protected":false},"author":3,"featured_media":0,"parent":0,"menu_order":0,"comment_status":"closed","ping_status":"closed","template":"","meta":{"_acf_changed":false,"footnotes":""},"class_list":["post-393","page","type-page","status-publish","hentry"],"acf":[],"yoast_head":"<!-- This site is optimized with the Yoast SEO plugin v24.0 - https:\/\/yoast.com\/wordpress\/plugins\/seo\/ -->\n<title>Datenschutzbestimmungen - AVSEC DE<\/title>\n<meta name=\"robots\" content=\"index, follow, max-snippet:-1, max-image-preview:large, max-video-preview:-1\" \/>\n<link rel=\"canonical\" href=\"https:\/\/szkolenia-avsec.pl\/de\/datenschutzbestimmungen\/\" \/>\n<meta property=\"og:locale\" content=\"de_DE\" \/>\n<meta property=\"og:type\" content=\"article\" \/>\n<meta property=\"og:title\" content=\"Datenschutzbestimmungen - AVSEC DE\" \/>\n<meta property=\"og:description\" content=\"Datenschutzerkl\u00e4rung Allgemeine Bestimmungen Der Datenadministrator ist Avsec Cargo mit Sitz in Warschau, Pulawska Str. 104\/11, eingetragen in das [&hellip;]\" \/>\n<meta property=\"og:url\" content=\"https:\/\/szkolenia-avsec.pl\/de\/datenschutzbestimmungen\/\" \/>\n<meta property=\"og:site_name\" content=\"AVSEC DE\" \/>\n<meta property=\"article:modified_time\" content=\"2021-10-08T08:48:35+00:00\" \/>\n<meta name=\"twitter:card\" content=\"summary_large_image\" \/>\n<meta name=\"twitter:label1\" content=\"Gesch\u00e4tzte Lesezeit\" \/>\n\t<meta name=\"twitter:data1\" content=\"4\u00a0Minuten\" \/>\n<script type=\"application\/ld+json\" class=\"yoast-schema-graph\">{\"@context\":\"https:\/\/schema.org\",\"@graph\":[{\"@type\":\"WebPage\",\"@id\":\"https:\/\/szkolenia-avsec.pl\/de\/datenschutzbestimmungen\/\",\"url\":\"https:\/\/szkolenia-avsec.pl\/de\/datenschutzbestimmungen\/\",\"name\":\"Datenschutzbestimmungen - AVSEC DE\",\"isPartOf\":{\"@id\":\"https:\/\/szkolenia-avsec.pl\/de\/#website\"},\"datePublished\":\"2019-11-18T11:08:53+00:00\",\"dateModified\":\"2021-10-08T08:48:35+00:00\",\"breadcrumb\":{\"@id\":\"https:\/\/szkolenia-avsec.pl\/de\/datenschutzbestimmungen\/#breadcrumb\"},\"inLanguage\":\"de\",\"potentialAction\":[{\"@type\":\"ReadAction\",\"target\":[\"https:\/\/szkolenia-avsec.pl\/de\/datenschutzbestimmungen\/\"]}]},{\"@type\":\"BreadcrumbList\",\"@id\":\"https:\/\/szkolenia-avsec.pl\/de\/datenschutzbestimmungen\/#breadcrumb\",\"itemListElement\":[{\"@type\":\"ListItem\",\"position\":1,\"name\":\"Strona g\u0142\u00f3wna\",\"item\":\"https:\/\/szkolenia-avsec.pl\/de\/\"},{\"@type\":\"ListItem\",\"position\":2,\"name\":\"Datenschutzbestimmungen\"}]},{\"@type\":\"WebSite\",\"@id\":\"https:\/\/szkolenia-avsec.pl\/de\/#website\",\"url\":\"https:\/\/szkolenia-avsec.pl\/de\/\",\"name\":\"AVSEC DE\",\"description\":\"Online-Schulung in Luftsicherheit\",\"potentialAction\":[{\"@type\":\"SearchAction\",\"target\":{\"@type\":\"EntryPoint\",\"urlTemplate\":\"https:\/\/szkolenia-avsec.pl\/de\/?s={search_term_string}\"},\"query-input\":{\"@type\":\"PropertyValueSpecification\",\"valueRequired\":true,\"valueName\":\"search_term_string\"}}],\"inLanguage\":\"de\"}]}<\/script>\n<!-- \/ Yoast SEO plugin. -->","yoast_head_json":{"title":"Datenschutzbestimmungen - AVSEC DE","robots":{"index":"index","follow":"follow","max-snippet":"max-snippet:-1","max-image-preview":"max-image-preview:large","max-video-preview":"max-video-preview:-1"},"canonical":"https:\/\/szkolenia-avsec.pl\/de\/datenschutzbestimmungen\/","og_locale":"de_DE","og_type":"article","og_title":"Datenschutzbestimmungen - AVSEC DE","og_description":"Datenschutzerkl\u00e4rung Allgemeine Bestimmungen Der Datenadministrator ist Avsec Cargo mit Sitz in Warschau, Pulawska Str. 104\/11, eingetragen in das [&hellip;]","og_url":"https:\/\/szkolenia-avsec.pl\/de\/datenschutzbestimmungen\/","og_site_name":"AVSEC DE","article_modified_time":"2021-10-08T08:48:35+00:00","twitter_card":"summary_large_image","twitter_misc":{"Gesch\u00e4tzte Lesezeit":"4\u00a0Minuten"},"schema":{"@context":"https:\/\/schema.org","@graph":[{"@type":"WebPage","@id":"https:\/\/szkolenia-avsec.pl\/de\/datenschutzbestimmungen\/","url":"https:\/\/szkolenia-avsec.pl\/de\/datenschutzbestimmungen\/","name":"Datenschutzbestimmungen - AVSEC DE","isPartOf":{"@id":"https:\/\/szkolenia-avsec.pl\/de\/#website"},"datePublished":"2019-11-18T11:08:53+00:00","dateModified":"2021-10-08T08:48:35+00:00","breadcrumb":{"@id":"https:\/\/szkolenia-avsec.pl\/de\/datenschutzbestimmungen\/#breadcrumb"},"inLanguage":"de","potentialAction":[{"@type":"ReadAction","target":["https:\/\/szkolenia-avsec.pl\/de\/datenschutzbestimmungen\/"]}]},{"@type":"BreadcrumbList","@id":"https:\/\/szkolenia-avsec.pl\/de\/datenschutzbestimmungen\/#breadcrumb","itemListElement":[{"@type":"ListItem","position":1,"name":"Strona g\u0142\u00f3wna","item":"https:\/\/szkolenia-avsec.pl\/de\/"},{"@type":"ListItem","position":2,"name":"Datenschutzbestimmungen"}]},{"@type":"WebSite","@id":"https:\/\/szkolenia-avsec.pl\/de\/#website","url":"https:\/\/szkolenia-avsec.pl\/de\/","name":"AVSEC DE","description":"Online-Schulung in Luftsicherheit","potentialAction":[{"@type":"SearchAction","target":{"@type":"EntryPoint","urlTemplate":"https:\/\/szkolenia-avsec.pl\/de\/?s={search_term_string}"},"query-input":{"@type":"PropertyValueSpecification","valueRequired":true,"valueName":"search_term_string"}}],"inLanguage":"de"}]}},"_links":{"self":[{"href":"https:\/\/szkolenia-avsec.pl\/de\/wp-json\/wp\/v2\/pages\/393","targetHints":{"allow":["GET"]}}],"collection":[{"href":"https:\/\/szkolenia-avsec.pl\/de\/wp-json\/wp\/v2\/pages"}],"about":[{"href":"https:\/\/szkolenia-avsec.pl\/de\/wp-json\/wp\/v2\/types\/page"}],"author":[{"embeddable":true,"href":"https:\/\/szkolenia-avsec.pl\/de\/wp-json\/wp\/v2\/users\/3"}],"replies":[{"embeddable":true,"href":"https:\/\/szkolenia-avsec.pl\/de\/wp-json\/wp\/v2\/comments?post=393"}],"version-history":[{"count":2,"href":"https:\/\/szkolenia-avsec.pl\/de\/wp-json\/wp\/v2\/pages\/393\/revisions"}],"predecessor-version":[{"id":472,"href":"https:\/\/szkolenia-avsec.pl\/de\/wp-json\/wp\/v2\/pages\/393\/revisions\/472"}],"wp:attachment":[{"href":"https:\/\/szkolenia-avsec.pl\/de\/wp-json\/wp\/v2\/media?parent=393"}],"curies":[{"name":"wp","href":"https:\/\/api.w.org\/{rel}","templated":true}]}}