{"id":384,"date":"2019-07-12T10:16:37","date_gmt":"2019-07-12T08:16:37","guid":{"rendered":"https:\/\/szkolenia-avsec.pl\/de\/?page_id=384"},"modified":"2023-02-07T09:56:00","modified_gmt":"2023-02-07T08:56:00","slug":"haufig-gestellte-fragen","status":"publish","type":"page","link":"https:\/\/szkolenia-avsec.pl\/de\/haufig-gestellte-fragen\/","title":{"rendered":"H\u00e4ufig gestellte Fragen"},"content":{"rendered":"<div id=\"content\" class=\"group\">\n<div id=\"left-content\">\n<h2><strong>1.Wie viel kostet eine Schulung?<\/strong><\/h2>\n<p>Die Kosten f\u00fcr die Online-Schulung auf der Avsec Control-Plattform liegen je nach Art der Schulung zwischen 100 PLN und 500 PLN brutto.<\/p>\n<h2><strong>2.Wie lange dauert eine Schulung?<\/strong><\/h2>\n<p>Die Schulung dauert 2 bis 4 Stunden und findet auf der E-Learning Plattform statt, auf die die Teilnehmer jederzeit an einem g\u00fcnstigen Ort und zu einer g\u00fcnstigen Zeit zugreifen k\u00f6nnen.<\/p>\n<h2><strong>3.Kann die Schulung unterbrochen werden?<\/strong><\/h2>\n<p>Die Schulung muss nicht auf einmal abgeschlossen werden. Sie darf jederzeit unterbrochen werden und bei erneuter Anmeldung ab dem gleichen Moment fortgesetzt werden.<\/p>\n<h2><strong>4.Wie l\u00e4uft die Schulung ab?<\/strong><\/h2>\n<p>Der Teilnehmer muss sich zuerst mit der Pr\u00e4sentation vertraut machen. Die f\u00fcr die Pr\u00e4sentation vorgesehene Zeit muss bis zum Ende ausgenutzt werden. Erst nach der Schulung hat der Teilnehmer Zugang zur Pr\u00fcfung. Die Pr\u00fcfung besteht aus 10 bis 20 Single-Choice-Testfragen (je nach Ausbildung). Jeder Teilnehmer hat zwei Pr\u00fcfungsversuche. Nach Abschluss des Kurses wird ein Zertifikat in Polnisch, Englisch oder Deutsch ausgestellt.<\/p>\n<h2><strong>5.Wie lange ist das Zertifikat g\u00fcltig?<\/strong><\/h2>\n<p>Alle Schulungen sind 3 Jahre g\u00fcltig.<\/p>\n<h2><strong>6.Wird das Zertifikat im Ausland anerkannt?<\/strong><\/h2>\n<p>Nach bestandener Pr\u00fcfung erhalten die Teilnehmer ein Zertifikat, das von allen Flugh\u00e4fen der Europ\u00e4ischen Union anerkannt wird.<\/p>\n<h2><strong>7.Wie bezahlt man f\u00fcr die Schulung?<\/strong><\/h2>\n<p>Nach Abschluss der Schulung stellen wir eine Rechnung aus. Die Abrechnung erfolgt am Ende des Kalendermonats.<\/p>\n<h2><strong>8.Was passiert, wenn der Teilnehmer die Pr\u00fcfung nicht besteht?<\/strong><\/h2>\n<p>Jeder Teilnehmer hat zwei Pr\u00fcfungsversuche. Sollten beide Versuche nicht erfolgreich sein, muss der Teilnehmer die gesamte Schulung wiederholen. Die Rechnung wird f\u00fcr die bestandene Pr\u00fcfung ausgestellt, nicht f\u00fcr die Anzahl der Pr\u00fcfungsversuche.<\/p>\n<h2><strong>9.Muss man bis zum Ende der Schulungszeit abwarten, um die Pr\u00fcfung ablegen zu k\u00f6nnen?<\/strong><\/h2>\n<p>Ja, um Zugang zur Pr\u00fcfung zu haben, muss man die f\u00fcr die Pr\u00e4sentation vorgesehene Zeit bis zum Ende ausnutzen. Wenn sich der Teilnehmer einloggt und keine Bewegungen ausf\u00fchrt, wird er vom System automatisch abgemeldet.<\/p>\n<h2><strong>10.Haben Sie Ausbilder mit der Anerkennung der Zivilluftfahrt-Beh\u00f6rde?<\/strong><\/h2>\n<p>Alle unsere Ausbilder werden vom Pr\u00e4sidenten der Zivilluftfahrt-Beh\u00f6rde in die Liste der Ausbilder im Bereich der Sicherheit der Zivilluftfahrt eingetragen.<\/p>\n<h2><strong>11.Was ist die Zuverl\u00e4ssigkeits\u00fcberpr\u00fcfung?<\/strong><\/h2>\n<p>Die Zuverl\u00e4ssigkeits\u00fcberpr\u00fcfung, gem\u00e4\u00df Nummer 11.1.3 der Verordnung 2015\/1998 sollte alle 5 Jahre durchgef\u00fchrt werden. Sie umfasst:<\/p>\n<p>&#8211; F\u00fchrungszeugnis (Nationales Strafregister) aus Polen und aus jedem Land, in dem die Person sich f\u00fcr mindestens 6 Monate aufgehalten hat;<\/p>\n<p>&#8211; Zuverl\u00e4ssigkeits\u00fcberpr\u00fcfung-Formular (Besch\u00e4ftigungs- und Ausbildungszeiten w\u00e4hrend der letzten 5 Jahre, sowie alle L\u00fccken l\u00e4nger als 28 Tage);<\/p>\n<p>Die \u00dcberpr\u00fcfung des Hintergrunds best\u00e4tigt auch die Identit\u00e4t des Schulungsteilnehmers. Eine positive Zuverl\u00e4ssigkeits\u00fcberpr\u00fcfung ist erforderlich, um am Training teilnehmen zu k\u00f6nnen.<\/p>\n<h2><strong>12.Muss nach einem Arbeitgeberwechsel eine neue Schulung abgeschlossen werden?<\/strong><\/h2>\n<p>Bei einem Arbeitgeberwechsel ist eine erneute Schulung nicht erforderlich.<\/p>\n<h2><strong>13.Muss der Teilnehmer uns die Unterlagen zur Best\u00e4tigung der Zuverl\u00e4ssigkeits\u00fcberpr\u00fcfung zusenden?<\/strong><\/h2>\n<p>Der Teilnehmer \u00fcbersendet uns seine Unterlagen nicht. Sie werden von einem vom Arbeitgeber autorisierten Mitarbeiter \u2013 dem Administrator der Avsec Cargo Platform \u2013 auf die Plattform hochgeladen<\/p>\n<h2><strong>14.Organisiert Avsec Pr\u00e4senzschulungen?<\/strong><\/h2>\n<p>Ja, unser Unternehmen organisiert auch Pr\u00e4senzschulungen. Bitte senden Sie Ihre Anfragen an <a href=\"mailto:info@szkolenia-avsec.pl\/de\">info@szkolenia-avsec.pl\/de<\/a>.<\/p>\n<\/div>\n<\/div>\n","protected":false},"excerpt":{"rendered":"<p>1.Wie viel kostet eine Schulung? Die Kosten f\u00fcr die Online-Schulung auf der Avsec Control-Plattform liegen je nach Art [&hellip;]<\/p>\n","protected":false},"author":3,"featured_media":0,"parent":0,"menu_order":0,"comment_status":"closed","ping_status":"closed","template":"","meta":{"_acf_changed":false,"footnotes":""},"class_list":["post-384","page","type-page","status-publish","hentry"],"acf":[],"yoast_head":"<!-- This site is optimized with the Yoast SEO plugin v24.0 - https:\/\/yoast.com\/wordpress\/plugins\/seo\/ -->\n<title>H\u00e4ufig gestellte Fragen - AVSEC DE<\/title>\n<meta name=\"robots\" content=\"index, follow, max-snippet:-1, max-image-preview:large, max-video-preview:-1\" \/>\n<link rel=\"canonical\" href=\"https:\/\/szkolenia-avsec.pl\/de\/haufig-gestellte-fragen\/\" \/>\n<meta property=\"og:locale\" content=\"de_DE\" \/>\n<meta property=\"og:type\" content=\"article\" \/>\n<meta property=\"og:title\" content=\"H\u00e4ufig gestellte Fragen - AVSEC DE\" \/>\n<meta property=\"og:description\" content=\"1.Wie viel kostet eine Schulung? Die Kosten f\u00fcr die Online-Schulung auf der Avsec Control-Plattform liegen je nach Art [&hellip;]\" \/>\n<meta property=\"og:url\" content=\"https:\/\/szkolenia-avsec.pl\/de\/haufig-gestellte-fragen\/\" \/>\n<meta property=\"og:site_name\" content=\"AVSEC DE\" \/>\n<meta property=\"article:modified_time\" content=\"2023-02-07T08:56:00+00:00\" \/>\n<meta name=\"twitter:card\" content=\"summary_large_image\" \/>\n<meta name=\"twitter:label1\" content=\"Gesch\u00e4tzte Lesezeit\" \/>\n\t<meta name=\"twitter:data1\" content=\"3\u00a0Minuten\" \/>\n<script type=\"application\/ld+json\" class=\"yoast-schema-graph\">{\"@context\":\"https:\/\/schema.org\",\"@graph\":[{\"@type\":\"WebPage\",\"@id\":\"https:\/\/szkolenia-avsec.pl\/de\/haufig-gestellte-fragen\/\",\"url\":\"https:\/\/szkolenia-avsec.pl\/de\/haufig-gestellte-fragen\/\",\"name\":\"H\u00e4ufig gestellte Fragen - AVSEC DE\",\"isPartOf\":{\"@id\":\"https:\/\/szkolenia-avsec.pl\/de\/#website\"},\"datePublished\":\"2019-07-12T08:16:37+00:00\",\"dateModified\":\"2023-02-07T08:56:00+00:00\",\"breadcrumb\":{\"@id\":\"https:\/\/szkolenia-avsec.pl\/de\/haufig-gestellte-fragen\/#breadcrumb\"},\"inLanguage\":\"de\",\"potentialAction\":[{\"@type\":\"ReadAction\",\"target\":[\"https:\/\/szkolenia-avsec.pl\/de\/haufig-gestellte-fragen\/\"]}]},{\"@type\":\"BreadcrumbList\",\"@id\":\"https:\/\/szkolenia-avsec.pl\/de\/haufig-gestellte-fragen\/#breadcrumb\",\"itemListElement\":[{\"@type\":\"ListItem\",\"position\":1,\"name\":\"Strona g\u0142\u00f3wna\",\"item\":\"https:\/\/szkolenia-avsec.pl\/de\/\"},{\"@type\":\"ListItem\",\"position\":2,\"name\":\"H\u00e4ufig gestellte Fragen\"}]},{\"@type\":\"WebSite\",\"@id\":\"https:\/\/szkolenia-avsec.pl\/de\/#website\",\"url\":\"https:\/\/szkolenia-avsec.pl\/de\/\",\"name\":\"AVSEC DE\",\"description\":\"Online-Schulung in Luftsicherheit\",\"potentialAction\":[{\"@type\":\"SearchAction\",\"target\":{\"@type\":\"EntryPoint\",\"urlTemplate\":\"https:\/\/szkolenia-avsec.pl\/de\/?s={search_term_string}\"},\"query-input\":{\"@type\":\"PropertyValueSpecification\",\"valueRequired\":true,\"valueName\":\"search_term_string\"}}],\"inLanguage\":\"de\"}]}<\/script>\n<!-- \/ Yoast SEO plugin. -->","yoast_head_json":{"title":"H\u00e4ufig gestellte Fragen - AVSEC DE","robots":{"index":"index","follow":"follow","max-snippet":"max-snippet:-1","max-image-preview":"max-image-preview:large","max-video-preview":"max-video-preview:-1"},"canonical":"https:\/\/szkolenia-avsec.pl\/de\/haufig-gestellte-fragen\/","og_locale":"de_DE","og_type":"article","og_title":"H\u00e4ufig gestellte Fragen - AVSEC DE","og_description":"1.Wie viel kostet eine Schulung? Die Kosten f\u00fcr die Online-Schulung auf der Avsec Control-Plattform liegen je nach Art [&hellip;]","og_url":"https:\/\/szkolenia-avsec.pl\/de\/haufig-gestellte-fragen\/","og_site_name":"AVSEC DE","article_modified_time":"2023-02-07T08:56:00+00:00","twitter_card":"summary_large_image","twitter_misc":{"Gesch\u00e4tzte Lesezeit":"3\u00a0Minuten"},"schema":{"@context":"https:\/\/schema.org","@graph":[{"@type":"WebPage","@id":"https:\/\/szkolenia-avsec.pl\/de\/haufig-gestellte-fragen\/","url":"https:\/\/szkolenia-avsec.pl\/de\/haufig-gestellte-fragen\/","name":"H\u00e4ufig gestellte Fragen - AVSEC DE","isPartOf":{"@id":"https:\/\/szkolenia-avsec.pl\/de\/#website"},"datePublished":"2019-07-12T08:16:37+00:00","dateModified":"2023-02-07T08:56:00+00:00","breadcrumb":{"@id":"https:\/\/szkolenia-avsec.pl\/de\/haufig-gestellte-fragen\/#breadcrumb"},"inLanguage":"de","potentialAction":[{"@type":"ReadAction","target":["https:\/\/szkolenia-avsec.pl\/de\/haufig-gestellte-fragen\/"]}]},{"@type":"BreadcrumbList","@id":"https:\/\/szkolenia-avsec.pl\/de\/haufig-gestellte-fragen\/#breadcrumb","itemListElement":[{"@type":"ListItem","position":1,"name":"Strona g\u0142\u00f3wna","item":"https:\/\/szkolenia-avsec.pl\/de\/"},{"@type":"ListItem","position":2,"name":"H\u00e4ufig gestellte Fragen"}]},{"@type":"WebSite","@id":"https:\/\/szkolenia-avsec.pl\/de\/#website","url":"https:\/\/szkolenia-avsec.pl\/de\/","name":"AVSEC DE","description":"Online-Schulung in Luftsicherheit","potentialAction":[{"@type":"SearchAction","target":{"@type":"EntryPoint","urlTemplate":"https:\/\/szkolenia-avsec.pl\/de\/?s={search_term_string}"},"query-input":{"@type":"PropertyValueSpecification","valueRequired":true,"valueName":"search_term_string"}}],"inLanguage":"de"}]}},"_links":{"self":[{"href":"https:\/\/szkolenia-avsec.pl\/de\/wp-json\/wp\/v2\/pages\/384","targetHints":{"allow":["GET"]}}],"collection":[{"href":"https:\/\/szkolenia-avsec.pl\/de\/wp-json\/wp\/v2\/pages"}],"about":[{"href":"https:\/\/szkolenia-avsec.pl\/de\/wp-json\/wp\/v2\/types\/page"}],"author":[{"embeddable":true,"href":"https:\/\/szkolenia-avsec.pl\/de\/wp-json\/wp\/v2\/users\/3"}],"replies":[{"embeddable":true,"href":"https:\/\/szkolenia-avsec.pl\/de\/wp-json\/wp\/v2\/comments?post=384"}],"version-history":[{"count":9,"href":"https:\/\/szkolenia-avsec.pl\/de\/wp-json\/wp\/v2\/pages\/384\/revisions"}],"predecessor-version":[{"id":496,"href":"https:\/\/szkolenia-avsec.pl\/de\/wp-json\/wp\/v2\/pages\/384\/revisions\/496"}],"wp:attachment":[{"href":"https:\/\/szkolenia-avsec.pl\/de\/wp-json\/wp\/v2\/media?parent=384"}],"curies":[{"name":"wp","href":"https:\/\/api.w.org\/{rel}","templated":true}]}}