{"id":14,"date":"2017-11-06T10:47:35","date_gmt":"2017-11-06T09:47:35","guid":{"rendered":"http:\/\/szkolenia-avsec.pl\/de\/?page_id=14"},"modified":"2021-09-30T09:11:07","modified_gmt":"2021-09-30T07:11:07","slug":"spx-schulungen","status":"publish","type":"page","link":"https:\/\/szkolenia-avsec.pl\/de\/spx-schulungen\/","title":{"rendered":"SPX-Schulungen"},"content":{"rendered":"<h3 class=\"subtitle-double-line\">SPX-Schulungen<\/h3>\n<p>Die Vorbereitung und Bef\u00f6rderung von Luftfracht erfordert besonderen Schutz. Seit 2010 ist die Art und Weise des Transports, der Lagerung, der Abholung und der Zustellung von Luftfrachtsendungen in der Verordnung der Europ\u00e4ischen Kommission festgelegt. Die Bestimmungen der Verordnung gelten f\u00fcr alle Unternehmen, die wirtschaftliche Luftfahrtt\u00e4tigkeit aus\u00fcben, wobei sind die Mitarbeiter f\u00fcr den Schutz und die Sicherheit der transportierten und versendeten Ladungen auch verantwortlich. Aus diesem Grund ist jede Person, die in der t\u00e4glichen Arbeit an der Luftfrachtbef\u00f6rderung beteiligt ist, verpflichtet, bei der Erf\u00fcllung der beruflichen Aufgaben die volle Verantwortung f\u00fcr die Einhaltung der Vorschriften zu \u00fcbernehmen.<\/p>\n<p>Ziel der SPX-Schulung ist es, internationale, EU- und nationale Rechtsvorschriften zur Sicherheit der Zivilluftfahrt zu besprechen und die Teilnehmer \u00fcber die Arbeitsweise des Zivilluftfahrt-Sicherheitssystems vor unrechtm\u00e4\u00dfigen Eingriffen vertraut zu machen, zu denen vorwiegend Handlungen oder Manipulation Dritter geh\u00f6ren.<\/p>\n<p><strong>SCHULUNGSTEILNEHMER:<\/strong><\/p>\n<p>Fahrer, die f\u00fcr den Transport von Luftfracht verantwortlich sind.<\/p>\n<p><strong>DETAILLIERTE INFORMATIONEN ZU ONLINE-SCHULUNGEN:<\/strong><\/p>\n<p>Die Schulung dauert 2 bis 3 Stunden und findet auf der E-Learning Plattform statt, auf die die Teilnehmer jederzeit an einem g\u00fcnstigen Ort und zu einer g\u00fcnstigen Zeit zugreifen k\u00f6nnen. Die Teilnehmer profitieren vom uneingeschr\u00e4nkten Zugang zu Pr\u00e4sentationen und Schulungsvideos, dank derer die Ausbilder ihr Wissen in ansprechender und leicht verst\u00e4ndlicher Form vermitteln. Die Schulung endet mit einer Pr\u00fcfung (jeder Teilnehmer hat das Recht, die im Kurspreis enthaltene Pr\u00fcfung in zwei Versuchen abzulegen). Nach bestandener Pr\u00fcfung erhalten die Teilnehmer ein Zertifikat der polnischen Zivilluftfahrtbeh\u00f6rde im Bereich der Luftsicherheit. Das Zertifikat wird von allen Flugh\u00e4fen der Europ\u00e4ischen Union anerkannt.<\/p>\n<p><strong>VORTEILE F\u00dcR UNTERNEHMEN:<\/strong><\/p>\n<ul>\n<li>Erf\u00fcllung von Verpflichtungen, die in den europ\u00e4ischen Vorschriften enthalten sind<\/li>\n<li>Erh\u00f6hung der beruflichen Qualifikationen der Mitarbeiter<\/li>\n<li>Erh\u00f6hung der Sicherheit der Fahrer und der von ihnen transportierten Luftfracht<\/li>\n<li>Bildung und St\u00e4rkung einer verantwortungsvollen Haltung der Mitarbeiter<\/li>\n<li>Wirkliche Einwirkung auf die Erh\u00f6hung der Sicherheitsstandards der Zivilluftfahrt in der Europ\u00e4ischen Union<\/li>\n<\/ul>\n","protected":false},"excerpt":{"rendered":"<p>SPX-Schulungen Die Vorbereitung und Bef\u00f6rderung von Luftfracht erfordert besonderen Schutz. Seit 2010 ist die Art und Weise des [&hellip;]<\/p>\n","protected":false},"author":1,"featured_media":0,"parent":0,"menu_order":0,"comment_status":"closed","ping_status":"closed","template":"page-sidebar.php","meta":{"_acf_changed":false,"footnotes":""},"class_list":["post-14","page","type-page","status-publish","hentry"],"acf":[],"yoast_head":"<!-- This site is optimized with the Yoast SEO plugin v24.0 - https:\/\/yoast.com\/wordpress\/plugins\/seo\/ -->\n<title>SPX-Schulungen - AVSEC DE<\/title>\n<meta name=\"description\" content=\"Zapraszamy na szkolenia SPX stacjonarne oraz szkolenia online dost\u0119pne na naszej platformie e-learningowej. Szkolenie trwa ok. 2-3 godzin. Kursanci korzystaj\u0105 z nieograniczonego wgl\u0105du do prezentacji oraz film\u00f3w szkoleniowych. Zarejestruj si\u0119!\" \/>\n<meta name=\"robots\" content=\"index, follow, max-snippet:-1, max-image-preview:large, max-video-preview:-1\" \/>\n<link rel=\"canonical\" href=\"https:\/\/szkolenia-avsec.pl\/de\/spx-schulungen\/\" \/>\n<meta property=\"og:locale\" content=\"de_DE\" \/>\n<meta property=\"og:type\" content=\"article\" \/>\n<meta property=\"og:title\" content=\"SPX-Schulungen - AVSEC DE\" \/>\n<meta property=\"og:description\" content=\"Zapraszamy na szkolenia SPX stacjonarne oraz szkolenia online dost\u0119pne na naszej platformie e-learningowej. Szkolenie trwa ok. 2-3 godzin. Kursanci korzystaj\u0105 z nieograniczonego wgl\u0105du do prezentacji oraz film\u00f3w szkoleniowych. Zarejestruj si\u0119!\" \/>\n<meta property=\"og:url\" content=\"https:\/\/szkolenia-avsec.pl\/de\/spx-schulungen\/\" \/>\n<meta property=\"og:site_name\" content=\"AVSEC DE\" \/>\n<meta property=\"article:modified_time\" content=\"2021-09-30T07:11:07+00:00\" \/>\n<meta name=\"twitter:card\" content=\"summary_large_image\" \/>\n<meta name=\"twitter:label1\" content=\"Gesch\u00e4tzte Lesezeit\" \/>\n\t<meta name=\"twitter:data1\" content=\"2\u00a0Minuten\" \/>\n<script type=\"application\/ld+json\" class=\"yoast-schema-graph\">{\"@context\":\"https:\/\/schema.org\",\"@graph\":[{\"@type\":\"WebPage\",\"@id\":\"https:\/\/szkolenia-avsec.pl\/de\/spx-schulungen\/\",\"url\":\"https:\/\/szkolenia-avsec.pl\/de\/spx-schulungen\/\",\"name\":\"SPX-Schulungen - AVSEC DE\",\"isPartOf\":{\"@id\":\"https:\/\/szkolenia-avsec.pl\/de\/#website\"},\"datePublished\":\"2017-11-06T09:47:35+00:00\",\"dateModified\":\"2021-09-30T07:11:07+00:00\",\"description\":\"Zapraszamy na szkolenia SPX stacjonarne oraz szkolenia online dost\u0119pne na naszej platformie e-learningowej. Szkolenie trwa ok. 2-3 godzin. Kursanci korzystaj\u0105 z nieograniczonego wgl\u0105du do prezentacji oraz film\u00f3w szkoleniowych. Zarejestruj si\u0119!\",\"breadcrumb\":{\"@id\":\"https:\/\/szkolenia-avsec.pl\/de\/spx-schulungen\/#breadcrumb\"},\"inLanguage\":\"de\",\"potentialAction\":[{\"@type\":\"ReadAction\",\"target\":[\"https:\/\/szkolenia-avsec.pl\/de\/spx-schulungen\/\"]}]},{\"@type\":\"BreadcrumbList\",\"@id\":\"https:\/\/szkolenia-avsec.pl\/de\/spx-schulungen\/#breadcrumb\",\"itemListElement\":[{\"@type\":\"ListItem\",\"position\":1,\"name\":\"Strona g\u0142\u00f3wna\",\"item\":\"https:\/\/szkolenia-avsec.pl\/de\/\"},{\"@type\":\"ListItem\",\"position\":2,\"name\":\"SPX-Schulungen\"}]},{\"@type\":\"WebSite\",\"@id\":\"https:\/\/szkolenia-avsec.pl\/de\/#website\",\"url\":\"https:\/\/szkolenia-avsec.pl\/de\/\",\"name\":\"AVSEC DE\",\"description\":\"Online-Schulung in Luftsicherheit\",\"potentialAction\":[{\"@type\":\"SearchAction\",\"target\":{\"@type\":\"EntryPoint\",\"urlTemplate\":\"https:\/\/szkolenia-avsec.pl\/de\/?s={search_term_string}\"},\"query-input\":{\"@type\":\"PropertyValueSpecification\",\"valueRequired\":true,\"valueName\":\"search_term_string\"}}],\"inLanguage\":\"de\"}]}<\/script>\n<!-- \/ Yoast SEO plugin. -->","yoast_head_json":{"title":"SPX-Schulungen - AVSEC DE","description":"Zapraszamy na szkolenia SPX stacjonarne oraz szkolenia online dost\u0119pne na naszej platformie e-learningowej. Szkolenie trwa ok. 2-3 godzin. Kursanci korzystaj\u0105 z nieograniczonego wgl\u0105du do prezentacji oraz film\u00f3w szkoleniowych. Zarejestruj si\u0119!","robots":{"index":"index","follow":"follow","max-snippet":"max-snippet:-1","max-image-preview":"max-image-preview:large","max-video-preview":"max-video-preview:-1"},"canonical":"https:\/\/szkolenia-avsec.pl\/de\/spx-schulungen\/","og_locale":"de_DE","og_type":"article","og_title":"SPX-Schulungen - AVSEC DE","og_description":"Zapraszamy na szkolenia SPX stacjonarne oraz szkolenia online dost\u0119pne na naszej platformie e-learningowej. Szkolenie trwa ok. 2-3 godzin. Kursanci korzystaj\u0105 z nieograniczonego wgl\u0105du do prezentacji oraz film\u00f3w szkoleniowych. Zarejestruj si\u0119!","og_url":"https:\/\/szkolenia-avsec.pl\/de\/spx-schulungen\/","og_site_name":"AVSEC DE","article_modified_time":"2021-09-30T07:11:07+00:00","twitter_card":"summary_large_image","twitter_misc":{"Gesch\u00e4tzte Lesezeit":"2\u00a0Minuten"},"schema":{"@context":"https:\/\/schema.org","@graph":[{"@type":"WebPage","@id":"https:\/\/szkolenia-avsec.pl\/de\/spx-schulungen\/","url":"https:\/\/szkolenia-avsec.pl\/de\/spx-schulungen\/","name":"SPX-Schulungen - AVSEC DE","isPartOf":{"@id":"https:\/\/szkolenia-avsec.pl\/de\/#website"},"datePublished":"2017-11-06T09:47:35+00:00","dateModified":"2021-09-30T07:11:07+00:00","description":"Zapraszamy na szkolenia SPX stacjonarne oraz szkolenia online dost\u0119pne na naszej platformie e-learningowej. Szkolenie trwa ok. 2-3 godzin. Kursanci korzystaj\u0105 z nieograniczonego wgl\u0105du do prezentacji oraz film\u00f3w szkoleniowych. Zarejestruj si\u0119!","breadcrumb":{"@id":"https:\/\/szkolenia-avsec.pl\/de\/spx-schulungen\/#breadcrumb"},"inLanguage":"de","potentialAction":[{"@type":"ReadAction","target":["https:\/\/szkolenia-avsec.pl\/de\/spx-schulungen\/"]}]},{"@type":"BreadcrumbList","@id":"https:\/\/szkolenia-avsec.pl\/de\/spx-schulungen\/#breadcrumb","itemListElement":[{"@type":"ListItem","position":1,"name":"Strona g\u0142\u00f3wna","item":"https:\/\/szkolenia-avsec.pl\/de\/"},{"@type":"ListItem","position":2,"name":"SPX-Schulungen"}]},{"@type":"WebSite","@id":"https:\/\/szkolenia-avsec.pl\/de\/#website","url":"https:\/\/szkolenia-avsec.pl\/de\/","name":"AVSEC DE","description":"Online-Schulung in Luftsicherheit","potentialAction":[{"@type":"SearchAction","target":{"@type":"EntryPoint","urlTemplate":"https:\/\/szkolenia-avsec.pl\/de\/?s={search_term_string}"},"query-input":{"@type":"PropertyValueSpecification","valueRequired":true,"valueName":"search_term_string"}}],"inLanguage":"de"}]}},"_links":{"self":[{"href":"https:\/\/szkolenia-avsec.pl\/de\/wp-json\/wp\/v2\/pages\/14","targetHints":{"allow":["GET"]}}],"collection":[{"href":"https:\/\/szkolenia-avsec.pl\/de\/wp-json\/wp\/v2\/pages"}],"about":[{"href":"https:\/\/szkolenia-avsec.pl\/de\/wp-json\/wp\/v2\/types\/page"}],"author":[{"embeddable":true,"href":"https:\/\/szkolenia-avsec.pl\/de\/wp-json\/wp\/v2\/users\/1"}],"replies":[{"embeddable":true,"href":"https:\/\/szkolenia-avsec.pl\/de\/wp-json\/wp\/v2\/comments?post=14"}],"version-history":[{"count":14,"href":"https:\/\/szkolenia-avsec.pl\/de\/wp-json\/wp\/v2\/pages\/14\/revisions"}],"predecessor-version":[{"id":453,"href":"https:\/\/szkolenia-avsec.pl\/de\/wp-json\/wp\/v2\/pages\/14\/revisions\/453"}],"wp:attachment":[{"href":"https:\/\/szkolenia-avsec.pl\/de\/wp-json\/wp\/v2\/media?parent=14"}],"curies":[{"name":"wp","href":"https:\/\/api.w.org\/{rel}","templated":true}]}}